{"id":494,"date":"2023-04-14T16:20:33","date_gmt":"2023-04-14T14:20:33","guid":{"rendered":"https:\/\/letempsdelaphilosophie.com\/?page_id=494"},"modified":"2023-04-14T16:48:18","modified_gmt":"2023-04-14T14:48:18","slug":"perfectionner-sa-pratique-des-ateliers-de-philosophie","status":"publish","type":"page","link":"https:\/\/letempsdelaphilosophie.com\/index.php\/formations\/perfectionner-sa-pratique-des-ateliers-de-philosophie\/","title":{"rendered":"Perfectionner sa pratique des ateliers de philosophie"},"content":{"rendered":"\t\t<div data-elementor-type=\"wp-page\" data-elementor-id=\"494\" class=\"elementor elementor-494\" data-elementor-post-type=\"page\">\n\t\t\t\t\t\t<section class=\"elementor-section elementor-top-section elementor-element elementor-element-4dfc435 elementor-section-boxed elementor-section-height-default elementor-section-height-default\" data-id=\"4dfc435\" data-element_type=\"section\">\n\t\t\t\t\t\t<div class=\"elementor-container elementor-column-gap-default\">\n\t\t\t\t\t<div class=\"elementor-column elementor-col-100 elementor-top-column elementor-element elementor-element-b65667f\" data-id=\"b65667f\" data-element_type=\"column\">\n\t\t\t<div class=\"elementor-widget-wrap elementor-element-populated\">\n\t\t\t\t\t\t<div class=\"elementor-element elementor-element-07d4584 elementor-widget elementor-widget-text-editor\" data-id=\"07d4584\" data-element_type=\"widget\" data-widget_type=\"text-editor.default\">\n\t\t\t\t<div class=\"elementor-widget-container\">\n\t\t\t\t\t\t\t\t\t<p>Si vous avez d\u00e9j\u00e0 une formation en pratique(s) philosophique(s) et que vous animez des ateliers nous proposons deux modules de formations pour <b>approfondir, perfectionner et enrichir votre pratique <\/b>: <b>un module d&#8217;approfondissement de la pr\u00e9paration \u00e0 l&#8217;animation et un module d\u00e9di\u00e9 aux habilet\u00e9s de penser<\/b>.\u00a0<\/p><div>\u00a0<\/div><h3><strong>(i) \u00a0Module d&#8217;approfondissement de la pr\u00e9paration \u00e0 l&#8217;animation<\/strong><\/h3><div>\u00a0<\/div><div>Ce module d&#8217;approfondissement s&#8217;attache \u00e0 <b>d\u00e9gager les enjeux philosophique d&#8217;un th\u00e8me<\/b>, \u00e0 f<b>ormuler des questions d&#8217;approfondissement<\/b> et des <b>questions de relance<\/b> afin de construire une trame pr\u00e9paratoire \u00e0 l&#8217;animation d&#8217;un atelier de philosophie. Il s&#8217;agit d&#8217;acqu\u00e9rir la bonne m\u00e9thode qui permette, \u00e0 l&#8217;animateur, de se pr\u00e9parer \u00e0 l&#8217;impr\u00e9vu lors d&#8217;une discussion philosophique tout en laissant la pens\u00e9e collective se construire sans que la discussion ne lui \u00e9chappe. Il s&#8217;agit de <b>travailler sur la pr\u00e9paration d&#8217;une trame construite mais\u00a0suffisamment ouverte pour permettre la cr\u00e9ativit\u00e9 des participants.\u00a0<\/b><\/div><div>\u00a0<\/div><div><p class=\"rtejustify\"><strong>Objectifs de ce module de\u00a0<\/strong><b>formation:\u00a0<\/b><\/p><ul><li class=\"rtejustify\">D\u00e9gager les enjeux philosophique d\u2019un th\u00e8me choisi au pr\u00e9alable<\/li><li class=\"rtejustify\">Formuler des questions d\u2019introduction, d\u2019\u00e9largissement et d\u2019approfondissement ainsi que de relance<\/li><li class=\"rtejustify\">Construire une trame pour pr\u00e9parer un atelier philo<\/li><li class=\"rtejustify\">Construire une animation philosophique autour du th\u00e8me \u00e0 partir d&#8217;un support\u00a0<\/li><\/ul><p class=\"rtejustify\"><strong>M\u00e9thode<\/strong><\/p><p class=\"rtejustify\">La formation est bas\u00e9e sur une alternance de moments th\u00e9oriques et de s\u00e9quences pratiques en petits groupes\u00a0<\/p><\/div><p>Modalit\u00e9s : \u00a0<\/p><ul><li>de 5 \u00a0\u00e0\u00a015 participants (maximum)\u00a0<\/li><li>2 journ\u00e9es<\/li><\/ul><h3>\u00a0<\/h3><h3><strong><u>(ii) Module H<\/u><u>abilet\u00e9s<\/u><u>\u00a0de penser<\/u><\/strong><\/h3><h3>\u00a0<\/h3><p>Lors de ce module de formation nous inviterons les participants \u00e0 <b>examiner au plus pr\u00e8s deux ou trois habilet\u00e9s de penser <\/b>en s&#8217;exer\u00e7ant lors d&#8217;activit\u00e9s\u00a0sp\u00e9cifiques. Par la suite, nous proposerons aux stagiaires de les reconna\u00eetre dans des discussions et d\u2019en examiner la qualit\u00e9.<\/p><div><p class=\"rtejustify\"><strong>Objectifs de ce module de formation:\u00a0<\/strong><\/p><ul><li class=\"rtejustify\">Rep\u00e9rer certaines habilet\u00e9s de penser<\/li><li class=\"rtejustify\">Les mobiliser de mani\u00e8re pertinente.<\/li><\/ul><p class=\"rtejustify\"><strong>M\u00e9thode<\/strong><\/p><p class=\"rtejustify\">La formation est bas\u00e9e sur une alternance de moments th\u00e9oriques et de s\u00e9quences pratiques.<\/p><\/div><div><strong>Modalit\u00e9s\u00a0<\/strong><\/div><ul><li>de 5 \u00e0 15 participants\u00a0<\/li><li>1 journ\u00e9e\u00a0<\/li><\/ul><div>\u00a0<\/div>\t\t\t\t\t\t\t\t<\/div>\n\t\t\t\t<\/div>\n\t\t\t\t\t<\/div>\n\t\t<\/div>\n\t\t\t\t\t<\/div>\n\t\t<\/section>\n\t\t\t\t<\/div>\n\t\t","protected":false},"excerpt":{"rendered":"<p>Si vous avez d\u00e9j\u00e0 une formation en pratique(s) philosophique(s) et que vous animez des ateliers nous proposons deux modules de formations pour approfondir, perfectionner et enrichir votre pratique : un module d&#8217;approfondissement de la pr\u00e9paration \u00e0 l&#8217;animation et un module d\u00e9di\u00e9 aux habilet\u00e9s de penser.\u00a0 \u00a0 (i) \u00a0Module d&#8217;approfondissement de la pr\u00e9paration \u00e0 l&#8217;animation \u00a0Ce [&hellip;]<\/p>\n","protected":false},"author":1,"featured_media":0,"parent":144,"menu_order":0,"comment_status":"closed","ping_status":"closed","template":"","meta":{"footnotes":""},"class_list":["post-494","page","type-page","status-publish","hentry"],"yoast_head":"<!-- This site is optimized with the Yoast SEO plugin v25.7 - https:\/\/yoast.com\/wordpress\/plugins\/seo\/ -->\n<title>Perfectionner sa pratique des ateliers de philosophie - LE TEMPS DE LA PHILOSOPHIE<\/title>\n<meta name=\"robots\" content=\"index, follow, max-snippet:-1, max-image-preview:large, max-video-preview:-1\" \/>\n<link rel=\"canonical\" href=\"https:\/\/letempsdelaphilosophie.com\/index.php\/formations\/perfectionner-sa-pratique-des-ateliers-de-philosophie\/\" \/>\n<meta property=\"og:locale\" content=\"en_US\" \/>\n<meta property=\"og:type\" content=\"article\" \/>\n<meta property=\"og:title\" content=\"Perfectionner sa pratique des ateliers de philosophie - LE TEMPS DE LA PHILOSOPHIE\" \/>\n<meta property=\"og:description\" content=\"Si vous avez d\u00e9j\u00e0 une formation en pratique(s) philosophique(s) et que vous animez des ateliers nous proposons deux modules de formations pour approfondir, perfectionner et enrichir votre pratique : un module d&#8217;approfondissement de la pr\u00e9paration \u00e0 l&#8217;animation et un module d\u00e9di\u00e9 aux habilet\u00e9s de penser.\u00a0 \u00a0 (i) \u00a0Module d&#8217;approfondissement de la pr\u00e9paration \u00e0 l&#8217;animation \u00a0Ce [&hellip;]\" \/>\n<meta property=\"og:url\" content=\"https:\/\/letempsdelaphilosophie.com\/index.php\/formations\/perfectionner-sa-pratique-des-ateliers-de-philosophie\/\" \/>\n<meta property=\"og:site_name\" content=\"LE TEMPS DE LA PHILOSOPHIE\" \/>\n<meta property=\"article:publisher\" content=\"https:\/\/www.facebook.com\/letempsdelaphilosophie\/\" \/>\n<meta property=\"article:modified_time\" content=\"2023-04-14T14:48:18+00:00\" \/>\n<meta name=\"twitter:card\" content=\"summary_large_image\" \/>\n<meta name=\"twitter:label1\" content=\"Est. reading time\" \/>\n\t<meta name=\"twitter:data1\" content=\"2 minutes\" \/>\n<script type=\"application\/ld+json\" class=\"yoast-schema-graph\">{\"@context\":\"https:\/\/schema.org\",\"@graph\":[{\"@type\":\"WebPage\",\"@id\":\"https:\/\/letempsdelaphilosophie.com\/index.php\/formations\/perfectionner-sa-pratique-des-ateliers-de-philosophie\/\",\"url\":\"https:\/\/letempsdelaphilosophie.com\/index.php\/formations\/perfectionner-sa-pratique-des-ateliers-de-philosophie\/\",\"name\":\"Perfectionner sa pratique des ateliers de philosophie - LE TEMPS DE LA PHILOSOPHIE\",\"isPartOf\":{\"@id\":\"https:\/\/letempsdelaphilosophie.com\/#website\"},\"datePublished\":\"2023-04-14T14:20:33+00:00\",\"dateModified\":\"2023-04-14T14:48:18+00:00\",\"breadcrumb\":{\"@id\":\"https:\/\/letempsdelaphilosophie.com\/index.php\/formations\/perfectionner-sa-pratique-des-ateliers-de-philosophie\/#breadcrumb\"},\"inLanguage\":\"en-US\",\"potentialAction\":[{\"@type\":\"ReadAction\",\"target\":[\"https:\/\/letempsdelaphilosophie.com\/index.php\/formations\/perfectionner-sa-pratique-des-ateliers-de-philosophie\/\"]}]},{\"@type\":\"BreadcrumbList\",\"@id\":\"https:\/\/letempsdelaphilosophie.com\/index.php\/formations\/perfectionner-sa-pratique-des-ateliers-de-philosophie\/#breadcrumb\",\"itemListElement\":[{\"@type\":\"ListItem\",\"position\":1,\"name\":\"Accueil\",\"item\":\"https:\/\/letempsdelaphilosophie.com\/\"},{\"@type\":\"ListItem\",\"position\":2,\"name\":\"Formations\",\"item\":\"https:\/\/letempsdelaphilosophie.com\/index.php\/formations\/\"},{\"@type\":\"ListItem\",\"position\":3,\"name\":\"Perfectionner sa pratique des ateliers de philosophie\"}]},{\"@type\":\"WebSite\",\"@id\":\"https:\/\/letempsdelaphilosophie.com\/#website\",\"url\":\"https:\/\/letempsdelaphilosophie.com\/\",\"name\":\"LE TEMPS DE LA PHILOSOPHIE\",\"description\":\"PRENDRE LE TEMPS DE PENSER\",\"publisher\":{\"@id\":\"https:\/\/letempsdelaphilosophie.com\/#organization\"},\"potentialAction\":[{\"@type\":\"SearchAction\",\"target\":{\"@type\":\"EntryPoint\",\"urlTemplate\":\"https:\/\/letempsdelaphilosophie.com\/?s={search_term_string}\"},\"query-input\":{\"@type\":\"PropertyValueSpecification\",\"valueRequired\":true,\"valueName\":\"search_term_string\"}}],\"inLanguage\":\"en-US\"},{\"@type\":\"Organization\",\"@id\":\"https:\/\/letempsdelaphilosophie.com\/#organization\",\"name\":\"LE TEMPS DE LA PHILOSOPHIE\",\"url\":\"https:\/\/letempsdelaphilosophie.com\/\",\"logo\":{\"@type\":\"ImageObject\",\"inLanguage\":\"en-US\",\"@id\":\"https:\/\/letempsdelaphilosophie.com\/#\/schema\/logo\/image\/\",\"url\":\"https:\/\/letempsdelaphilosophie.com\/wp-content\/uploads\/2023\/04\/le-temps-de-la-philo-.png\",\"contentUrl\":\"https:\/\/letempsdelaphilosophie.com\/wp-content\/uploads\/2023\/04\/le-temps-de-la-philo-.png\",\"width\":500,\"height\":500,\"caption\":\"LE TEMPS DE LA PHILOSOPHIE\"},\"image\":{\"@id\":\"https:\/\/letempsdelaphilosophie.com\/#\/schema\/logo\/image\/\"},\"sameAs\":[\"https:\/\/www.facebook.com\/letempsdelaphilosophie\/\"]}]}<\/script>\n<!-- \/ Yoast SEO plugin. -->","yoast_head_json":{"title":"Perfectionner sa pratique des ateliers de philosophie - LE TEMPS DE LA PHILOSOPHIE","robots":{"index":"index","follow":"follow","max-snippet":"max-snippet:-1","max-image-preview":"max-image-preview:large","max-video-preview":"max-video-preview:-1"},"canonical":"https:\/\/letempsdelaphilosophie.com\/index.php\/formations\/perfectionner-sa-pratique-des-ateliers-de-philosophie\/","og_locale":"en_US","og_type":"article","og_title":"Perfectionner sa pratique des ateliers de philosophie - LE TEMPS DE LA PHILOSOPHIE","og_description":"Si vous avez d\u00e9j\u00e0 une formation en pratique(s) philosophique(s) et que vous animez des ateliers nous proposons deux modules de formations pour approfondir, perfectionner et enrichir votre pratique : un module d&#8217;approfondissement de la pr\u00e9paration \u00e0 l&#8217;animation et un module d\u00e9di\u00e9 aux habilet\u00e9s de penser.\u00a0 \u00a0 (i) \u00a0Module d&#8217;approfondissement de la pr\u00e9paration \u00e0 l&#8217;animation \u00a0Ce [&hellip;]","og_url":"https:\/\/letempsdelaphilosophie.com\/index.php\/formations\/perfectionner-sa-pratique-des-ateliers-de-philosophie\/","og_site_name":"LE TEMPS DE LA PHILOSOPHIE","article_publisher":"https:\/\/www.facebook.com\/letempsdelaphilosophie\/","article_modified_time":"2023-04-14T14:48:18+00:00","twitter_card":"summary_large_image","twitter_misc":{"Est. reading time":"2 minutes"},"schema":{"@context":"https:\/\/schema.org","@graph":[{"@type":"WebPage","@id":"https:\/\/letempsdelaphilosophie.com\/index.php\/formations\/perfectionner-sa-pratique-des-ateliers-de-philosophie\/","url":"https:\/\/letempsdelaphilosophie.com\/index.php\/formations\/perfectionner-sa-pratique-des-ateliers-de-philosophie\/","name":"Perfectionner sa pratique des ateliers de philosophie - LE TEMPS DE LA PHILOSOPHIE","isPartOf":{"@id":"https:\/\/letempsdelaphilosophie.com\/#website"},"datePublished":"2023-04-14T14:20:33+00:00","dateModified":"2023-04-14T14:48:18+00:00","breadcrumb":{"@id":"https:\/\/letempsdelaphilosophie.com\/index.php\/formations\/perfectionner-sa-pratique-des-ateliers-de-philosophie\/#breadcrumb"},"inLanguage":"en-US","potentialAction":[{"@type":"ReadAction","target":["https:\/\/letempsdelaphilosophie.com\/index.php\/formations\/perfectionner-sa-pratique-des-ateliers-de-philosophie\/"]}]},{"@type":"BreadcrumbList","@id":"https:\/\/letempsdelaphilosophie.com\/index.php\/formations\/perfectionner-sa-pratique-des-ateliers-de-philosophie\/#breadcrumb","itemListElement":[{"@type":"ListItem","position":1,"name":"Accueil","item":"https:\/\/letempsdelaphilosophie.com\/"},{"@type":"ListItem","position":2,"name":"Formations","item":"https:\/\/letempsdelaphilosophie.com\/index.php\/formations\/"},{"@type":"ListItem","position":3,"name":"Perfectionner sa pratique des ateliers de philosophie"}]},{"@type":"WebSite","@id":"https:\/\/letempsdelaphilosophie.com\/#website","url":"https:\/\/letempsdelaphilosophie.com\/","name":"LE TEMPS DE LA PHILOSOPHIE","description":"PRENDRE LE TEMPS DE PENSER","publisher":{"@id":"https:\/\/letempsdelaphilosophie.com\/#organization"},"potentialAction":[{"@type":"SearchAction","target":{"@type":"EntryPoint","urlTemplate":"https:\/\/letempsdelaphilosophie.com\/?s={search_term_string}"},"query-input":{"@type":"PropertyValueSpecification","valueRequired":true,"valueName":"search_term_string"}}],"inLanguage":"en-US"},{"@type":"Organization","@id":"https:\/\/letempsdelaphilosophie.com\/#organization","name":"LE TEMPS DE LA PHILOSOPHIE","url":"https:\/\/letempsdelaphilosophie.com\/","logo":{"@type":"ImageObject","inLanguage":"en-US","@id":"https:\/\/letempsdelaphilosophie.com\/#\/schema\/logo\/image\/","url":"https:\/\/letempsdelaphilosophie.com\/wp-content\/uploads\/2023\/04\/le-temps-de-la-philo-.png","contentUrl":"https:\/\/letempsdelaphilosophie.com\/wp-content\/uploads\/2023\/04\/le-temps-de-la-philo-.png","width":500,"height":500,"caption":"LE TEMPS DE LA PHILOSOPHIE"},"image":{"@id":"https:\/\/letempsdelaphilosophie.com\/#\/schema\/logo\/image\/"},"sameAs":["https:\/\/www.facebook.com\/letempsdelaphilosophie\/"]}]}},"_links":{"self":[{"href":"https:\/\/letempsdelaphilosophie.com\/index.php\/wp-json\/wp\/v2\/pages\/494","targetHints":{"allow":["GET"]}}],"collection":[{"href":"https:\/\/letempsdelaphilosophie.com\/index.php\/wp-json\/wp\/v2\/pages"}],"about":[{"href":"https:\/\/letempsdelaphilosophie.com\/index.php\/wp-json\/wp\/v2\/types\/page"}],"author":[{"embeddable":true,"href":"https:\/\/letempsdelaphilosophie.com\/index.php\/wp-json\/wp\/v2\/users\/1"}],"replies":[{"embeddable":true,"href":"https:\/\/letempsdelaphilosophie.com\/index.php\/wp-json\/wp\/v2\/comments?post=494"}],"version-history":[{"count":7,"href":"https:\/\/letempsdelaphilosophie.com\/index.php\/wp-json\/wp\/v2\/pages\/494\/revisions"}],"predecessor-version":[{"id":504,"href":"https:\/\/letempsdelaphilosophie.com\/index.php\/wp-json\/wp\/v2\/pages\/494\/revisions\/504"}],"up":[{"embeddable":true,"href":"https:\/\/letempsdelaphilosophie.com\/index.php\/wp-json\/wp\/v2\/pages\/144"}],"wp:attachment":[{"href":"https:\/\/letempsdelaphilosophie.com\/index.php\/wp-json\/wp\/v2\/media?parent=494"}],"curies":[{"name":"wp","href":"https:\/\/api.w.org\/{rel}","templated":true}]}}