{"id":492,"date":"2023-04-14T16:19:57","date_gmt":"2023-04-14T14:19:57","guid":{"rendered":"https:\/\/letempsdelaphilosophie.com\/?page_id=492"},"modified":"2023-04-14T16:48:29","modified_gmt":"2023-04-14T14:48:29","slug":"initiation-a-la-pratique-de-la-philosophie-avec-les-enfants","status":"publish","type":"page","link":"https:\/\/letempsdelaphilosophie.com\/index.php\/formations\/initiation-a-la-pratique-de-la-philosophie-avec-les-enfants\/","title":{"rendered":"Initiation \u00e0 la Pratique de la Philosophie avec les Enfants"},"content":{"rendered":"\t\t<div data-elementor-type=\"wp-page\" data-elementor-id=\"492\" class=\"elementor elementor-492\" data-elementor-post-type=\"page\">\n\t\t\t\t\t\t<section class=\"elementor-section elementor-top-section elementor-element elementor-element-12386ec elementor-section-boxed elementor-section-height-default elementor-section-height-default\" data-id=\"12386ec\" data-element_type=\"section\">\n\t\t\t\t\t\t<div class=\"elementor-container elementor-column-gap-default\">\n\t\t\t\t\t<div class=\"elementor-column elementor-col-100 elementor-top-column elementor-element elementor-element-3df31ea\" data-id=\"3df31ea\" data-element_type=\"column\">\n\t\t\t<div class=\"elementor-widget-wrap elementor-element-populated\">\n\t\t\t\t\t\t<div class=\"elementor-element elementor-element-f51d878 elementor-widget elementor-widget-text-editor\" data-id=\"f51d878\" data-element_type=\"widget\" data-widget_type=\"text-editor.default\">\n\t\t\t\t<div class=\"elementor-widget-container\">\n\t\t\t\t\t\t\t\t\t<p>Le Temps de la Philosophie donne des formations en philosophie avec les enfants autant sur la dimension th\u00e9orique que sur l\u2019aspect pratique de la philosophie pour enfants.<\/p><p>Les formations s\u2019adressent \u00e0 tou(te)s et en particulier aux animateurs, aux \u00e9ducateurs, aux biblioth\u00e9caires, aux m\u00e9diateurs, au personnel enseignant, aux p\u00e9dagogues, au personnel soignant.<\/p><p><strong style=\"font-family: var(--wp--preset--font-family--headings); font-size: var(--wp--custom--typography--font-size--heading-3); color: var( --e-global-color-text );\">Les objectifs de la formation \u00ab\u00a0Initiation \u00e0 la philosophie avec les enfants\u00a0\u00bb\u00a0<\/strong><\/p><div><strong>\u00a0<\/strong><\/div><h4><strong>Approches p\u00e9dagogiques et didactiques de la philosophie avec les enfants<\/strong><\/h4><ul><li>Conna\u00eetre l\u2019historique, les enjeux, les cadres th\u00e9oriques, les <strong>diff\u00e9rents dispositifs de la \u00ab pratique de la philosophie avec les enfants \u00bb.<\/strong><\/li><li><strong>Se familiariser avec la didactique de la philosophie<\/strong> : \u00c9laborer une s\u00e9quence p\u00e9dagogique en prenant en compte le public vis\u00e9, les objectifs notionnels, les ressources, les moyens de mise en \u0153uvre.<\/li><li><strong>Accompagner l\u2019enfant dans le d\u00e9veloppement d\u2019une pens\u00e9e philosophique<\/strong> (probl\u00e9matiser, conceptualiser, argumenter) en interrogeant, en reformulant et en synth\u00e9tisant les \u00e9changes lors des ateliers.<\/li><li><strong>Comprendre la posture et les fonctions de l\u2019animateur<\/strong> d\u2019une discussion philosophique.<\/li><li>Alterner <strong>temps th\u00e9oriques et temps de pratique<\/strong> pour s\u2019exercer \u00e0 la pratique de la philosophie avec les enfants.<\/li><li><strong>Se construire une culture philosophique<\/strong> sur les supports culturels possibles (albums de litt\u00e9rature de jeunesse, fables, mythes, contes, supports visuels, \u0153uvres d\u2019art etc.)<strong>Comp\u00e9tences acquises\u00a0<\/strong><\/li><\/ul><ul><li><strong>Animation d\u2019une discussion \u00e0 vis\u00e9e philosophique<\/strong>: capacit\u00e9 \u00e0 susciter des moments proprement philosophiques dans une discussion.<\/li><li><strong>Gestion d\u2019un groupe<\/strong> pour permettre la r\u00e9flexion collective\u00a0: installer un cadre et un climat de discussion bienveillant et exigeant.<\/li><li><strong>Identification des habilet\u00e9s cognitives et sociales<\/strong> requises dans une discussion philosophique<\/li><li><strong>Cr\u00e9ation d\u2019un outil p\u00e9dagogique \u00e0 caract\u00e8re philosophique<\/strong> adapt\u00e9 \u00e0 un public cible.<\/li><\/ul><h4><strong>Points forts <\/strong><\/h4><ul><li>Approcher la philosophie sous l\u2019angle des m\u00e9thodes et des comp\u00e9tences ou habilet\u00e9s de pens\u00e9e qu\u2019elle d\u00e9veloppe.<\/li><li>Permettre \u00e0 des<strong> personnes non form\u00e9es \u00e0 la philosophie \u00ab universitaire \u00bb de prendre connaissance de diverses m\u00e9thodes philosophiques <\/strong>et de les exercer.<\/li><\/ul><div>\u00a0<\/div><h4><strong>Modalit\u00e9s<\/strong><\/h4><ul><li><strong>de 5 \u00e0 20 participants <\/strong><\/li><li><strong>2 jours\u00a0<\/strong><\/li><\/ul>\t\t\t\t\t\t\t\t<\/div>\n\t\t\t\t<\/div>\n\t\t\t\t\t<\/div>\n\t\t<\/div>\n\t\t\t\t\t<\/div>\n\t\t<\/section>\n\t\t\t\t<\/div>\n\t\t","protected":false},"excerpt":{"rendered":"<p>Le Temps de la Philosophie donne des formations en philosophie avec les enfants autant sur la dimension th\u00e9orique que sur l\u2019aspect pratique de la philosophie pour enfants. Les formations s\u2019adressent \u00e0 tou(te)s et en particulier aux animateurs, aux \u00e9ducateurs, aux biblioth\u00e9caires, aux m\u00e9diateurs, au personnel enseignant, aux p\u00e9dagogues, au personnel soignant. Les objectifs de la [&hellip;]<\/p>\n","protected":false},"author":1,"featured_media":0,"parent":144,"menu_order":0,"comment_status":"closed","ping_status":"closed","template":"","meta":{"footnotes":""},"class_list":["post-492","page","type-page","status-publish","hentry"],"yoast_head":"<!-- This site is optimized with the Yoast SEO plugin v25.7 - https:\/\/yoast.com\/wordpress\/plugins\/seo\/ -->\n<title>Initiation \u00e0 la Pratique de la Philosophie avec les Enfants - LE TEMPS DE LA PHILOSOPHIE<\/title>\n<meta name=\"robots\" content=\"index, follow, max-snippet:-1, max-image-preview:large, max-video-preview:-1\" \/>\n<link rel=\"canonical\" href=\"https:\/\/letempsdelaphilosophie.com\/index.php\/formations\/initiation-a-la-pratique-de-la-philosophie-avec-les-enfants\/\" \/>\n<meta property=\"og:locale\" content=\"en_US\" \/>\n<meta property=\"og:type\" content=\"article\" \/>\n<meta property=\"og:title\" content=\"Initiation \u00e0 la Pratique de la Philosophie avec les Enfants - LE TEMPS DE LA PHILOSOPHIE\" \/>\n<meta property=\"og:description\" content=\"Le Temps de la Philosophie donne des formations en philosophie avec les enfants autant sur la dimension th\u00e9orique que sur l\u2019aspect pratique de la philosophie pour enfants. Les formations s\u2019adressent \u00e0 tou(te)s et en particulier aux animateurs, aux \u00e9ducateurs, aux biblioth\u00e9caires, aux m\u00e9diateurs, au personnel enseignant, aux p\u00e9dagogues, au personnel soignant. Les objectifs de la [&hellip;]\" \/>\n<meta property=\"og:url\" content=\"https:\/\/letempsdelaphilosophie.com\/index.php\/formations\/initiation-a-la-pratique-de-la-philosophie-avec-les-enfants\/\" \/>\n<meta property=\"og:site_name\" content=\"LE TEMPS DE LA PHILOSOPHIE\" \/>\n<meta property=\"article:publisher\" content=\"https:\/\/www.facebook.com\/letempsdelaphilosophie\/\" \/>\n<meta property=\"article:modified_time\" content=\"2023-04-14T14:48:29+00:00\" \/>\n<meta name=\"twitter:card\" content=\"summary_large_image\" \/>\n<meta name=\"twitter:label1\" content=\"Est. reading time\" \/>\n\t<meta name=\"twitter:data1\" content=\"2 minutes\" \/>\n<script type=\"application\/ld+json\" class=\"yoast-schema-graph\">{\"@context\":\"https:\/\/schema.org\",\"@graph\":[{\"@type\":\"WebPage\",\"@id\":\"https:\/\/letempsdelaphilosophie.com\/index.php\/formations\/initiation-a-la-pratique-de-la-philosophie-avec-les-enfants\/\",\"url\":\"https:\/\/letempsdelaphilosophie.com\/index.php\/formations\/initiation-a-la-pratique-de-la-philosophie-avec-les-enfants\/\",\"name\":\"Initiation \u00e0 la Pratique de la Philosophie avec les Enfants - LE TEMPS DE LA PHILOSOPHIE\",\"isPartOf\":{\"@id\":\"https:\/\/letempsdelaphilosophie.com\/#website\"},\"datePublished\":\"2023-04-14T14:19:57+00:00\",\"dateModified\":\"2023-04-14T14:48:29+00:00\",\"breadcrumb\":{\"@id\":\"https:\/\/letempsdelaphilosophie.com\/index.php\/formations\/initiation-a-la-pratique-de-la-philosophie-avec-les-enfants\/#breadcrumb\"},\"inLanguage\":\"en-US\",\"potentialAction\":[{\"@type\":\"ReadAction\",\"target\":[\"https:\/\/letempsdelaphilosophie.com\/index.php\/formations\/initiation-a-la-pratique-de-la-philosophie-avec-les-enfants\/\"]}]},{\"@type\":\"BreadcrumbList\",\"@id\":\"https:\/\/letempsdelaphilosophie.com\/index.php\/formations\/initiation-a-la-pratique-de-la-philosophie-avec-les-enfants\/#breadcrumb\",\"itemListElement\":[{\"@type\":\"ListItem\",\"position\":1,\"name\":\"Accueil\",\"item\":\"https:\/\/letempsdelaphilosophie.com\/\"},{\"@type\":\"ListItem\",\"position\":2,\"name\":\"Formations\",\"item\":\"https:\/\/letempsdelaphilosophie.com\/index.php\/formations\/\"},{\"@type\":\"ListItem\",\"position\":3,\"name\":\"Initiation \u00e0 la Pratique de la Philosophie avec les Enfants\"}]},{\"@type\":\"WebSite\",\"@id\":\"https:\/\/letempsdelaphilosophie.com\/#website\",\"url\":\"https:\/\/letempsdelaphilosophie.com\/\",\"name\":\"LE TEMPS DE LA PHILOSOPHIE\",\"description\":\"PRENDRE LE TEMPS DE PENSER\",\"publisher\":{\"@id\":\"https:\/\/letempsdelaphilosophie.com\/#organization\"},\"potentialAction\":[{\"@type\":\"SearchAction\",\"target\":{\"@type\":\"EntryPoint\",\"urlTemplate\":\"https:\/\/letempsdelaphilosophie.com\/?s={search_term_string}\"},\"query-input\":{\"@type\":\"PropertyValueSpecification\",\"valueRequired\":true,\"valueName\":\"search_term_string\"}}],\"inLanguage\":\"en-US\"},{\"@type\":\"Organization\",\"@id\":\"https:\/\/letempsdelaphilosophie.com\/#organization\",\"name\":\"LE TEMPS DE LA PHILOSOPHIE\",\"url\":\"https:\/\/letempsdelaphilosophie.com\/\",\"logo\":{\"@type\":\"ImageObject\",\"inLanguage\":\"en-US\",\"@id\":\"https:\/\/letempsdelaphilosophie.com\/#\/schema\/logo\/image\/\",\"url\":\"https:\/\/letempsdelaphilosophie.com\/wp-content\/uploads\/2023\/04\/le-temps-de-la-philo-.png\",\"contentUrl\":\"https:\/\/letempsdelaphilosophie.com\/wp-content\/uploads\/2023\/04\/le-temps-de-la-philo-.png\",\"width\":500,\"height\":500,\"caption\":\"LE TEMPS DE LA PHILOSOPHIE\"},\"image\":{\"@id\":\"https:\/\/letempsdelaphilosophie.com\/#\/schema\/logo\/image\/\"},\"sameAs\":[\"https:\/\/www.facebook.com\/letempsdelaphilosophie\/\"]}]}<\/script>\n<!-- \/ Yoast SEO plugin. -->","yoast_head_json":{"title":"Initiation \u00e0 la Pratique de la Philosophie avec les Enfants - LE TEMPS DE LA PHILOSOPHIE","robots":{"index":"index","follow":"follow","max-snippet":"max-snippet:-1","max-image-preview":"max-image-preview:large","max-video-preview":"max-video-preview:-1"},"canonical":"https:\/\/letempsdelaphilosophie.com\/index.php\/formations\/initiation-a-la-pratique-de-la-philosophie-avec-les-enfants\/","og_locale":"en_US","og_type":"article","og_title":"Initiation \u00e0 la Pratique de la Philosophie avec les Enfants - LE TEMPS DE LA PHILOSOPHIE","og_description":"Le Temps de la Philosophie donne des formations en philosophie avec les enfants autant sur la dimension th\u00e9orique que sur l\u2019aspect pratique de la philosophie pour enfants. Les formations s\u2019adressent \u00e0 tou(te)s et en particulier aux animateurs, aux \u00e9ducateurs, aux biblioth\u00e9caires, aux m\u00e9diateurs, au personnel enseignant, aux p\u00e9dagogues, au personnel soignant. Les objectifs de la [&hellip;]","og_url":"https:\/\/letempsdelaphilosophie.com\/index.php\/formations\/initiation-a-la-pratique-de-la-philosophie-avec-les-enfants\/","og_site_name":"LE TEMPS DE LA PHILOSOPHIE","article_publisher":"https:\/\/www.facebook.com\/letempsdelaphilosophie\/","article_modified_time":"2023-04-14T14:48:29+00:00","twitter_card":"summary_large_image","twitter_misc":{"Est. reading time":"2 minutes"},"schema":{"@context":"https:\/\/schema.org","@graph":[{"@type":"WebPage","@id":"https:\/\/letempsdelaphilosophie.com\/index.php\/formations\/initiation-a-la-pratique-de-la-philosophie-avec-les-enfants\/","url":"https:\/\/letempsdelaphilosophie.com\/index.php\/formations\/initiation-a-la-pratique-de-la-philosophie-avec-les-enfants\/","name":"Initiation \u00e0 la Pratique de la Philosophie avec les Enfants - LE TEMPS DE LA PHILOSOPHIE","isPartOf":{"@id":"https:\/\/letempsdelaphilosophie.com\/#website"},"datePublished":"2023-04-14T14:19:57+00:00","dateModified":"2023-04-14T14:48:29+00:00","breadcrumb":{"@id":"https:\/\/letempsdelaphilosophie.com\/index.php\/formations\/initiation-a-la-pratique-de-la-philosophie-avec-les-enfants\/#breadcrumb"},"inLanguage":"en-US","potentialAction":[{"@type":"ReadAction","target":["https:\/\/letempsdelaphilosophie.com\/index.php\/formations\/initiation-a-la-pratique-de-la-philosophie-avec-les-enfants\/"]}]},{"@type":"BreadcrumbList","@id":"https:\/\/letempsdelaphilosophie.com\/index.php\/formations\/initiation-a-la-pratique-de-la-philosophie-avec-les-enfants\/#breadcrumb","itemListElement":[{"@type":"ListItem","position":1,"name":"Accueil","item":"https:\/\/letempsdelaphilosophie.com\/"},{"@type":"ListItem","position":2,"name":"Formations","item":"https:\/\/letempsdelaphilosophie.com\/index.php\/formations\/"},{"@type":"ListItem","position":3,"name":"Initiation \u00e0 la Pratique de la Philosophie avec les Enfants"}]},{"@type":"WebSite","@id":"https:\/\/letempsdelaphilosophie.com\/#website","url":"https:\/\/letempsdelaphilosophie.com\/","name":"LE TEMPS DE LA PHILOSOPHIE","description":"PRENDRE LE TEMPS DE PENSER","publisher":{"@id":"https:\/\/letempsdelaphilosophie.com\/#organization"},"potentialAction":[{"@type":"SearchAction","target":{"@type":"EntryPoint","urlTemplate":"https:\/\/letempsdelaphilosophie.com\/?s={search_term_string}"},"query-input":{"@type":"PropertyValueSpecification","valueRequired":true,"valueName":"search_term_string"}}],"inLanguage":"en-US"},{"@type":"Organization","@id":"https:\/\/letempsdelaphilosophie.com\/#organization","name":"LE TEMPS DE LA PHILOSOPHIE","url":"https:\/\/letempsdelaphilosophie.com\/","logo":{"@type":"ImageObject","inLanguage":"en-US","@id":"https:\/\/letempsdelaphilosophie.com\/#\/schema\/logo\/image\/","url":"https:\/\/letempsdelaphilosophie.com\/wp-content\/uploads\/2023\/04\/le-temps-de-la-philo-.png","contentUrl":"https:\/\/letempsdelaphilosophie.com\/wp-content\/uploads\/2023\/04\/le-temps-de-la-philo-.png","width":500,"height":500,"caption":"LE TEMPS DE LA PHILOSOPHIE"},"image":{"@id":"https:\/\/letempsdelaphilosophie.com\/#\/schema\/logo\/image\/"},"sameAs":["https:\/\/www.facebook.com\/letempsdelaphilosophie\/"]}]}},"_links":{"self":[{"href":"https:\/\/letempsdelaphilosophie.com\/index.php\/wp-json\/wp\/v2\/pages\/492","targetHints":{"allow":["GET"]}}],"collection":[{"href":"https:\/\/letempsdelaphilosophie.com\/index.php\/wp-json\/wp\/v2\/pages"}],"about":[{"href":"https:\/\/letempsdelaphilosophie.com\/index.php\/wp-json\/wp\/v2\/types\/page"}],"author":[{"embeddable":true,"href":"https:\/\/letempsdelaphilosophie.com\/index.php\/wp-json\/wp\/v2\/users\/1"}],"replies":[{"embeddable":true,"href":"https:\/\/letempsdelaphilosophie.com\/index.php\/wp-json\/wp\/v2\/comments?post=492"}],"version-history":[{"count":7,"href":"https:\/\/letempsdelaphilosophie.com\/index.php\/wp-json\/wp\/v2\/pages\/492\/revisions"}],"predecessor-version":[{"id":510,"href":"https:\/\/letempsdelaphilosophie.com\/index.php\/wp-json\/wp\/v2\/pages\/492\/revisions\/510"}],"up":[{"embeddable":true,"href":"https:\/\/letempsdelaphilosophie.com\/index.php\/wp-json\/wp\/v2\/pages\/144"}],"wp:attachment":[{"href":"https:\/\/letempsdelaphilosophie.com\/index.php\/wp-json\/wp\/v2\/media?parent=492"}],"curies":[{"name":"wp","href":"https:\/\/api.w.org\/{rel}","templated":true}]}}