{"id":405,"date":"2023-04-14T15:22:13","date_gmt":"2023-04-14T13:22:13","guid":{"rendered":"https:\/\/letempsdelaphilosophie.com\/?page_id=405"},"modified":"2023-04-14T17:15:01","modified_gmt":"2023-04-14T15:15:01","slug":"la-methode-des-ateliers-philo","status":"publish","type":"page","link":"https:\/\/letempsdelaphilosophie.com\/index.php\/ateliers-philo\/la-methode-des-ateliers-philo\/","title":{"rendered":"La m\u00e9thode des Ateliers Philo"},"content":{"rendered":"\t\t<div data-elementor-type=\"wp-page\" data-elementor-id=\"405\" class=\"elementor elementor-405\" data-elementor-post-type=\"page\">\n\t\t\t\t\t\t<section class=\"elementor-section elementor-top-section elementor-element elementor-element-047f1cf elementor-section-boxed elementor-section-height-default elementor-section-height-default\" data-id=\"047f1cf\" data-element_type=\"section\">\n\t\t\t\t\t\t<div class=\"elementor-container elementor-column-gap-default\">\n\t\t\t\t\t<div class=\"elementor-column elementor-col-100 elementor-top-column elementor-element elementor-element-831f3d2\" data-id=\"831f3d2\" data-element_type=\"column\">\n\t\t\t<div class=\"elementor-widget-wrap elementor-element-populated\">\n\t\t\t\t\t\t<div class=\"elementor-element elementor-element-e1b2750 elementor-widget elementor-widget-text-editor\" data-id=\"e1b2750\" data-element_type=\"widget\" data-widget_type=\"text-editor.default\">\n\t\t\t\t<div class=\"elementor-widget-container\">\n\t\t\t\t\t\t\t\t\t<ul>\n<li>Les ateliers Philo s&#8217;inspirent largement de la discussion philosophique mise en place par&nbsp;<a href=\"https:\/\/fr.wikipedia.org\/wiki\/Matthew_Lipman\">Matthew Lipman<\/a>&nbsp;suit une <b>d\u00e9marche \u00e9pist\u00e9mologique.&nbsp;<\/b><\/li>\n<\/ul>\n<ul>\n<li>Le <strong>questionnement<\/strong>, central dans cette m\u00e9thode, se distingue par la mise en place d\u2019une <strong>communaut\u00e9 de recherche<\/strong> : il s\u2019agit de tester les id\u00e9es et d\u2019<strong>envisager une probl\u00e9matique collectivement sous diff\u00e9rents points de vue.&nbsp;<\/strong><\/li>\n<\/ul>\n<ul>\n<li>La<strong> question<\/strong> n\u2019est pas forc\u00e9ment impos\u00e9e, et la discussion philosophique&nbsp;<strong>\u00e9mane&nbsp;<\/strong>des pr\u00e9occupations crois\u00e9es des participants suite \u00e0 <strong>un choix collectif<\/strong>. L\u2019animateur cr\u00e9e les conditions de l\u2019\u00e9mergence de cette question en proposant une activit\u00e9\/mise en situation\/exp\u00e9rimentation qui constitue l\u2019objet commun. Le groupe se construit \u00e0 partir de cet <strong>int\u00e9r\u00eat commun<\/strong> qui <strong>engage la mise en chantier collective de la pens\u00e9e<\/strong>.&nbsp;<\/li>\n<\/ul>\n<ul>\n<li>L\u2019animateur de l&#8217;atelier n\u2019a pas de messages \u00e0 transmettre, n\u2019oriente pas le contenu des \u00e9changes mais <strong>garantit, en toute bienveillance, la rigueur intellectuelle de la discussion.<\/strong><\/li>\n<\/ul>\n<ul>\n<li>L&#8217;atelier philo propos\u00e9 d\u00e9veloppe et met en oeuvre&nbsp;des habilet\u00e9s de pens\u00e9e li\u00e9es \u00e0 la pratique philosophique:&nbsp;&nbsp;formuler des hypoth\u00e8ses,&nbsp;donner des exemples et contre-exemples, d\u00e9finir, identifier des pr\u00e9suppos\u00e9s,&nbsp;donner des raisons, des crit\u00e8res, rechercher des alternatives, d\u00e9busquer les erreurs de jugements etc.&nbsp;<\/li><\/ul><ul><li><span style=\"color: var( --e-global-color-text ); font-family: var( --e-global-typography-text-font-family ), Sans-serif; font-size: var(--wp--preset--font-size--base); background-color: var(--wp--preset--color--background);\"><span style=\"font-family: var( --e-global-typography-text-font-family ), Sans-serif;\"><span style=\"color: var(--wp--preset--color--text-regular);\">Ces&nbsp;<\/span><\/span><span style=\"color: rgb(96, 96, 96);\">ateliers permettent&nbsp;<\/span><span style=\"font-family: var( --e-global-typography-text-font-family ), Sans-serif;\"><span style=\"color: var(--wp--preset--color--text-regular);\">de&nbsp;<\/span><\/span><\/span><strong style=\"font-family: var( --e-global-typography-text-font-family ), Sans-serif; font-size: var(--wp--preset--font-size--base); color: var(--wp--preset--color--text-regular);\">d\u00e9velopper l\u2019esprit critique et la pens\u00e9e cr\u00e9ative dans un climat bienveillant.<\/strong><span style=\"color: var( --e-global-color-text ); font-family: var( --e-global-typography-text-font-family ), Sans-serif; font-size: var(--wp--preset--font-size--base); background-color: var(--wp--preset--color--background);\">&nbsp;<\/span><span style=\"font-family: var( --e-global-typography-text-font-family ), Sans-serif; font-size: var(--wp--preset--font-size--base); color: var(--wp--preset--color--text-regular); background-color: var(--wp--preset--color--background);\">&nbsp;Ils \u00e9veillent curiosit\u00e9 et plaisir de penser chez tou.te.s. Travaillant \u00e0 la prise de conscience des processus de pens\u00e9e, elle&nbsp;<\/span><strong style=\"font-family: var( --e-global-typography-text-font-family ), Sans-serif; font-size: var(--wp--preset--font-size--base); color: var(--wp--preset--color--text-regular);\">favorise la coop\u00e9ration et l&#8217;ouverture d&#8217;esprit.&nbsp;<\/strong><\/li>\n<\/ul>\n<p>Il s\u2019agit de&nbsp;<strong>d\u00e9velopper l\u2019esprit critique et la pens\u00e9e cr\u00e9ative&nbsp;dans un cadre bienveillant et d\u2019\u00e9coute active, de prendre le temps de s&#8217;\u00e9couter et de s\u2019interroger&nbsp;afin de go\u00fbter au&nbsp;plaisir de la pens\u00e9e.<\/strong><\/p>\t\t\t\t\t\t\t\t<\/div>\n\t\t\t\t<\/div>\n\t\t\t\t\t<\/div>\n\t\t<\/div>\n\t\t\t\t\t<\/div>\n\t\t<\/section>\n\t\t\t\t<\/div>\n\t\t","protected":false},"excerpt":{"rendered":"<p>Les ateliers Philo s&#8217;inspirent largement de la discussion philosophique mise en place par&nbsp;Matthew Lipman&nbsp;suit une d\u00e9marche \u00e9pist\u00e9mologique.&nbsp; Le questionnement, central dans cette m\u00e9thode, se distingue par la mise en place d\u2019une communaut\u00e9 de recherche : il s\u2019agit de tester les id\u00e9es et d\u2019envisager une probl\u00e9matique collectivement sous diff\u00e9rents points de vue.&nbsp; La question n\u2019est pas [&hellip;]<\/p>\n","protected":false},"author":1,"featured_media":0,"parent":142,"menu_order":0,"comment_status":"closed","ping_status":"closed","template":"","meta":{"footnotes":""},"class_list":["post-405","page","type-page","status-publish","hentry"],"yoast_head":"<!-- This site is optimized with the Yoast SEO plugin v25.7 - https:\/\/yoast.com\/wordpress\/plugins\/seo\/ -->\n<title>La m\u00e9thode des Ateliers Philo - LE TEMPS DE LA PHILOSOPHIE<\/title>\n<meta name=\"robots\" content=\"index, follow, max-snippet:-1, max-image-preview:large, max-video-preview:-1\" \/>\n<link rel=\"canonical\" href=\"https:\/\/letempsdelaphilosophie.com\/index.php\/ateliers-philo\/la-methode-des-ateliers-philo\/\" \/>\n<meta property=\"og:locale\" content=\"en_US\" \/>\n<meta property=\"og:type\" content=\"article\" \/>\n<meta property=\"og:title\" content=\"La m\u00e9thode des Ateliers Philo - LE TEMPS DE LA PHILOSOPHIE\" \/>\n<meta property=\"og:description\" content=\"Les ateliers Philo s&#8217;inspirent largement de la discussion philosophique mise en place par&nbsp;Matthew Lipman&nbsp;suit une d\u00e9marche \u00e9pist\u00e9mologique.&nbsp; Le questionnement, central dans cette m\u00e9thode, se distingue par la mise en place d\u2019une communaut\u00e9 de recherche : il s\u2019agit de tester les id\u00e9es et d\u2019envisager une probl\u00e9matique collectivement sous diff\u00e9rents points de vue.&nbsp; La question n\u2019est pas [&hellip;]\" \/>\n<meta property=\"og:url\" content=\"https:\/\/letempsdelaphilosophie.com\/index.php\/ateliers-philo\/la-methode-des-ateliers-philo\/\" \/>\n<meta property=\"og:site_name\" content=\"LE TEMPS DE LA PHILOSOPHIE\" \/>\n<meta property=\"article:publisher\" content=\"https:\/\/www.facebook.com\/letempsdelaphilosophie\/\" \/>\n<meta property=\"article:modified_time\" content=\"2023-04-14T15:15:01+00:00\" \/>\n<meta name=\"twitter:card\" content=\"summary_large_image\" \/>\n<meta name=\"twitter:label1\" content=\"Est. reading time\" \/>\n\t<meta name=\"twitter:data1\" content=\"2 minutes\" \/>\n<script type=\"application\/ld+json\" class=\"yoast-schema-graph\">{\"@context\":\"https:\/\/schema.org\",\"@graph\":[{\"@type\":\"WebPage\",\"@id\":\"https:\/\/letempsdelaphilosophie.com\/index.php\/ateliers-philo\/la-methode-des-ateliers-philo\/\",\"url\":\"https:\/\/letempsdelaphilosophie.com\/index.php\/ateliers-philo\/la-methode-des-ateliers-philo\/\",\"name\":\"La m\u00e9thode des Ateliers Philo - LE TEMPS DE LA PHILOSOPHIE\",\"isPartOf\":{\"@id\":\"https:\/\/letempsdelaphilosophie.com\/#website\"},\"datePublished\":\"2023-04-14T13:22:13+00:00\",\"dateModified\":\"2023-04-14T15:15:01+00:00\",\"breadcrumb\":{\"@id\":\"https:\/\/letempsdelaphilosophie.com\/index.php\/ateliers-philo\/la-methode-des-ateliers-philo\/#breadcrumb\"},\"inLanguage\":\"en-US\",\"potentialAction\":[{\"@type\":\"ReadAction\",\"target\":[\"https:\/\/letempsdelaphilosophie.com\/index.php\/ateliers-philo\/la-methode-des-ateliers-philo\/\"]}]},{\"@type\":\"BreadcrumbList\",\"@id\":\"https:\/\/letempsdelaphilosophie.com\/index.php\/ateliers-philo\/la-methode-des-ateliers-philo\/#breadcrumb\",\"itemListElement\":[{\"@type\":\"ListItem\",\"position\":1,\"name\":\"Accueil\",\"item\":\"https:\/\/letempsdelaphilosophie.com\/\"},{\"@type\":\"ListItem\",\"position\":2,\"name\":\"Ateliers Philo\",\"item\":\"https:\/\/letempsdelaphilosophie.com\/index.php\/ateliers-philo\/\"},{\"@type\":\"ListItem\",\"position\":3,\"name\":\"La m\u00e9thode des Ateliers Philo\"}]},{\"@type\":\"WebSite\",\"@id\":\"https:\/\/letempsdelaphilosophie.com\/#website\",\"url\":\"https:\/\/letempsdelaphilosophie.com\/\",\"name\":\"LE TEMPS DE LA PHILOSOPHIE\",\"description\":\"PRENDRE LE TEMPS DE PENSER\",\"publisher\":{\"@id\":\"https:\/\/letempsdelaphilosophie.com\/#organization\"},\"potentialAction\":[{\"@type\":\"SearchAction\",\"target\":{\"@type\":\"EntryPoint\",\"urlTemplate\":\"https:\/\/letempsdelaphilosophie.com\/?s={search_term_string}\"},\"query-input\":{\"@type\":\"PropertyValueSpecification\",\"valueRequired\":true,\"valueName\":\"search_term_string\"}}],\"inLanguage\":\"en-US\"},{\"@type\":\"Organization\",\"@id\":\"https:\/\/letempsdelaphilosophie.com\/#organization\",\"name\":\"LE TEMPS DE LA PHILOSOPHIE\",\"url\":\"https:\/\/letempsdelaphilosophie.com\/\",\"logo\":{\"@type\":\"ImageObject\",\"inLanguage\":\"en-US\",\"@id\":\"https:\/\/letempsdelaphilosophie.com\/#\/schema\/logo\/image\/\",\"url\":\"https:\/\/letempsdelaphilosophie.com\/wp-content\/uploads\/2023\/04\/le-temps-de-la-philo-.png\",\"contentUrl\":\"https:\/\/letempsdelaphilosophie.com\/wp-content\/uploads\/2023\/04\/le-temps-de-la-philo-.png\",\"width\":500,\"height\":500,\"caption\":\"LE TEMPS DE LA PHILOSOPHIE\"},\"image\":{\"@id\":\"https:\/\/letempsdelaphilosophie.com\/#\/schema\/logo\/image\/\"},\"sameAs\":[\"https:\/\/www.facebook.com\/letempsdelaphilosophie\/\"]}]}<\/script>\n<!-- \/ Yoast SEO plugin. -->","yoast_head_json":{"title":"La m\u00e9thode des Ateliers Philo - LE TEMPS DE LA PHILOSOPHIE","robots":{"index":"index","follow":"follow","max-snippet":"max-snippet:-1","max-image-preview":"max-image-preview:large","max-video-preview":"max-video-preview:-1"},"canonical":"https:\/\/letempsdelaphilosophie.com\/index.php\/ateliers-philo\/la-methode-des-ateliers-philo\/","og_locale":"en_US","og_type":"article","og_title":"La m\u00e9thode des Ateliers Philo - LE TEMPS DE LA PHILOSOPHIE","og_description":"Les ateliers Philo s&#8217;inspirent largement de la discussion philosophique mise en place par&nbsp;Matthew Lipman&nbsp;suit une d\u00e9marche \u00e9pist\u00e9mologique.&nbsp; Le questionnement, central dans cette m\u00e9thode, se distingue par la mise en place d\u2019une communaut\u00e9 de recherche : il s\u2019agit de tester les id\u00e9es et d\u2019envisager une probl\u00e9matique collectivement sous diff\u00e9rents points de vue.&nbsp; La question n\u2019est pas [&hellip;]","og_url":"https:\/\/letempsdelaphilosophie.com\/index.php\/ateliers-philo\/la-methode-des-ateliers-philo\/","og_site_name":"LE TEMPS DE LA PHILOSOPHIE","article_publisher":"https:\/\/www.facebook.com\/letempsdelaphilosophie\/","article_modified_time":"2023-04-14T15:15:01+00:00","twitter_card":"summary_large_image","twitter_misc":{"Est. reading time":"2 minutes"},"schema":{"@context":"https:\/\/schema.org","@graph":[{"@type":"WebPage","@id":"https:\/\/letempsdelaphilosophie.com\/index.php\/ateliers-philo\/la-methode-des-ateliers-philo\/","url":"https:\/\/letempsdelaphilosophie.com\/index.php\/ateliers-philo\/la-methode-des-ateliers-philo\/","name":"La m\u00e9thode des Ateliers Philo - LE TEMPS DE LA PHILOSOPHIE","isPartOf":{"@id":"https:\/\/letempsdelaphilosophie.com\/#website"},"datePublished":"2023-04-14T13:22:13+00:00","dateModified":"2023-04-14T15:15:01+00:00","breadcrumb":{"@id":"https:\/\/letempsdelaphilosophie.com\/index.php\/ateliers-philo\/la-methode-des-ateliers-philo\/#breadcrumb"},"inLanguage":"en-US","potentialAction":[{"@type":"ReadAction","target":["https:\/\/letempsdelaphilosophie.com\/index.php\/ateliers-philo\/la-methode-des-ateliers-philo\/"]}]},{"@type":"BreadcrumbList","@id":"https:\/\/letempsdelaphilosophie.com\/index.php\/ateliers-philo\/la-methode-des-ateliers-philo\/#breadcrumb","itemListElement":[{"@type":"ListItem","position":1,"name":"Accueil","item":"https:\/\/letempsdelaphilosophie.com\/"},{"@type":"ListItem","position":2,"name":"Ateliers Philo","item":"https:\/\/letempsdelaphilosophie.com\/index.php\/ateliers-philo\/"},{"@type":"ListItem","position":3,"name":"La m\u00e9thode des Ateliers Philo"}]},{"@type":"WebSite","@id":"https:\/\/letempsdelaphilosophie.com\/#website","url":"https:\/\/letempsdelaphilosophie.com\/","name":"LE TEMPS DE LA PHILOSOPHIE","description":"PRENDRE LE TEMPS DE PENSER","publisher":{"@id":"https:\/\/letempsdelaphilosophie.com\/#organization"},"potentialAction":[{"@type":"SearchAction","target":{"@type":"EntryPoint","urlTemplate":"https:\/\/letempsdelaphilosophie.com\/?s={search_term_string}"},"query-input":{"@type":"PropertyValueSpecification","valueRequired":true,"valueName":"search_term_string"}}],"inLanguage":"en-US"},{"@type":"Organization","@id":"https:\/\/letempsdelaphilosophie.com\/#organization","name":"LE TEMPS DE LA PHILOSOPHIE","url":"https:\/\/letempsdelaphilosophie.com\/","logo":{"@type":"ImageObject","inLanguage":"en-US","@id":"https:\/\/letempsdelaphilosophie.com\/#\/schema\/logo\/image\/","url":"https:\/\/letempsdelaphilosophie.com\/wp-content\/uploads\/2023\/04\/le-temps-de-la-philo-.png","contentUrl":"https:\/\/letempsdelaphilosophie.com\/wp-content\/uploads\/2023\/04\/le-temps-de-la-philo-.png","width":500,"height":500,"caption":"LE TEMPS DE LA PHILOSOPHIE"},"image":{"@id":"https:\/\/letempsdelaphilosophie.com\/#\/schema\/logo\/image\/"},"sameAs":["https:\/\/www.facebook.com\/letempsdelaphilosophie\/"]}]}},"_links":{"self":[{"href":"https:\/\/letempsdelaphilosophie.com\/index.php\/wp-json\/wp\/v2\/pages\/405","targetHints":{"allow":["GET"]}}],"collection":[{"href":"https:\/\/letempsdelaphilosophie.com\/index.php\/wp-json\/wp\/v2\/pages"}],"about":[{"href":"https:\/\/letempsdelaphilosophie.com\/index.php\/wp-json\/wp\/v2\/types\/page"}],"author":[{"embeddable":true,"href":"https:\/\/letempsdelaphilosophie.com\/index.php\/wp-json\/wp\/v2\/users\/1"}],"replies":[{"embeddable":true,"href":"https:\/\/letempsdelaphilosophie.com\/index.php\/wp-json\/wp\/v2\/comments?post=405"}],"version-history":[{"count":4,"href":"https:\/\/letempsdelaphilosophie.com\/index.php\/wp-json\/wp\/v2\/pages\/405\/revisions"}],"predecessor-version":[{"id":410,"href":"https:\/\/letempsdelaphilosophie.com\/index.php\/wp-json\/wp\/v2\/pages\/405\/revisions\/410"}],"up":[{"embeddable":true,"href":"https:\/\/letempsdelaphilosophie.com\/index.php\/wp-json\/wp\/v2\/pages\/142"}],"wp:attachment":[{"href":"https:\/\/letempsdelaphilosophie.com\/index.php\/wp-json\/wp\/v2\/media?parent=405"}],"curies":[{"name":"wp","href":"https:\/\/api.w.org\/{rel}","templated":true}]}}