{"id":291,"date":"2023-04-12T17:50:55","date_gmt":"2023-04-12T15:50:55","guid":{"rendered":"https:\/\/letempsdelaphilosophie.com\/?page_id=291"},"modified":"2023-04-14T21:33:06","modified_gmt":"2023-04-14T19:33:06","slug":"ateliers-philo-adultes","status":"publish","type":"page","link":"https:\/\/letempsdelaphilosophie.com\/index.php\/ateliers-philo\/ateliers-philo-adultes\/","title":{"rendered":"Ateliers Philo adultes"},"content":{"rendered":"\t\t<div data-elementor-type=\"wp-page\" data-elementor-id=\"291\" class=\"elementor elementor-291\" data-elementor-post-type=\"page\">\n\t\t\t\t\t\t<section class=\"elementor-section elementor-top-section elementor-element elementor-element-f4bbe97 elementor-section-boxed elementor-section-height-default elementor-section-height-default\" data-id=\"f4bbe97\" data-element_type=\"section\">\n\t\t\t\t\t\t<div class=\"elementor-container elementor-column-gap-default\">\n\t\t\t\t\t<div class=\"elementor-column elementor-col-100 elementor-top-column elementor-element elementor-element-75d16cd\" data-id=\"75d16cd\" data-element_type=\"column\">\n\t\t\t<div class=\"elementor-widget-wrap elementor-element-populated\">\n\t\t\t\t\t\t<div class=\"elementor-element elementor-element-6ea5220 elementor-widget elementor-widget-spacer\" data-id=\"6ea5220\" data-element_type=\"widget\" data-widget_type=\"spacer.default\">\n\t\t\t\t<div class=\"elementor-widget-container\">\n\t\t\t\t\t\t\t<div class=\"elementor-spacer\">\n\t\t\t<div class=\"elementor-spacer-inner\"><\/div>\n\t\t<\/div>\n\t\t\t\t\t\t<\/div>\n\t\t\t\t<\/div>\n\t\t\t\t<div class=\"elementor-element elementor-element-290c70b elementor-widget elementor-widget-heading\" data-id=\"290c70b\" data-element_type=\"widget\" data-widget_type=\"heading.default\">\n\t\t\t\t<div class=\"elementor-widget-container\">\n\t\t\t\t\t<h2 class=\"elementor-heading-title elementor-size-default\">Prendre le temps de penser<\/h2>\t\t\t\t<\/div>\n\t\t\t\t<\/div>\n\t\t\t\t\t<\/div>\n\t\t<\/div>\n\t\t\t\t\t<\/div>\n\t\t<\/section>\n\t\t\t\t<section class=\"elementor-section elementor-top-section elementor-element elementor-element-710a9d0 elementor-section-boxed elementor-section-height-default elementor-section-height-default\" data-id=\"710a9d0\" data-element_type=\"section\">\n\t\t\t\t\t\t<div class=\"elementor-container elementor-column-gap-default\">\n\t\t\t\t\t<div class=\"elementor-column elementor-col-100 elementor-top-column elementor-element elementor-element-8dda79a\" data-id=\"8dda79a\" data-element_type=\"column\">\n\t\t\t<div class=\"elementor-widget-wrap elementor-element-populated\">\n\t\t\t\t\t\t<div class=\"elementor-element elementor-element-9c1c820 elementor-widget elementor-widget-spacer\" data-id=\"9c1c820\" data-element_type=\"widget\" data-widget_type=\"spacer.default\">\n\t\t\t\t<div class=\"elementor-widget-container\">\n\t\t\t\t\t\t\t<div class=\"elementor-spacer\">\n\t\t\t<div class=\"elementor-spacer-inner\"><\/div>\n\t\t<\/div>\n\t\t\t\t\t\t<\/div>\n\t\t\t\t<\/div>\n\t\t\t\t\t<\/div>\n\t\t<\/div>\n\t\t\t\t\t<\/div>\n\t\t<\/section>\n\t\t\t\t<section class=\"elementor-section elementor-top-section elementor-element elementor-element-ba70592 elementor-section-boxed elementor-section-height-default elementor-section-height-default\" data-id=\"ba70592\" data-element_type=\"section\">\n\t\t\t\t\t\t<div class=\"elementor-container elementor-column-gap-default\">\n\t\t\t\t\t<div class=\"elementor-column elementor-col-100 elementor-top-column elementor-element elementor-element-2d0ec99\" data-id=\"2d0ec99\" data-element_type=\"column\">\n\t\t\t<div class=\"elementor-widget-wrap elementor-element-populated\">\n\t\t\t\t\t\t<div class=\"elementor-element elementor-element-8bd68f4 elementor-widget elementor-widget-heading\" data-id=\"8bd68f4\" data-element_type=\"widget\" data-widget_type=\"heading.default\">\n\t\t\t\t<div class=\"elementor-widget-container\">\n\t\t\t\t\t<h2 class=\"elementor-heading-title elementor-size-default\">Les diff\u00e9rents objectifs des Ateliers Philo Adultes<\/h2>\t\t\t\t<\/div>\n\t\t\t\t<\/div>\n\t\t\t\t<div class=\"elementor-element elementor-element-8bad535 elementor-widget elementor-widget-toggle\" data-id=\"8bad535\" data-element_type=\"widget\" data-widget_type=\"toggle.default\">\n\t\t\t\t<div class=\"elementor-widget-container\">\n\t\t\t\t\t\t\t<div class=\"elementor-toggle\">\n\t\t\t\t\t\t\t<div class=\"elementor-toggle-item\">\n\t\t\t\t\t<div id=\"elementor-tab-title-1461\" class=\"elementor-tab-title\" data-tab=\"1\" role=\"button\" aria-controls=\"elementor-tab-content-1461\" aria-expanded=\"false\">\n\t\t\t\t\t\t\t\t\t\t\t\t<span class=\"elementor-toggle-icon elementor-toggle-icon-left\" aria-hidden=\"true\">\n\t\t\t\t\t\t\t\t\t\t\t\t\t\t\t<span class=\"elementor-toggle-icon-closed\"><i class=\"fas fa-caret-right\"><\/i><\/span>\n\t\t\t\t\t\t\t\t<span class=\"elementor-toggle-icon-opened\"><i class=\"elementor-toggle-icon-opened fas fa-caret-up\"><\/i><\/span>\n\t\t\t\t\t\t\t\t\t\t\t\t\t<\/span>\n\t\t\t\t\t\t\t\t\t\t\t\t<a class=\"elementor-toggle-title\" tabindex=\"0\">Acqu\u00e9rir ou perfectionner la m\u00e9thode philosophique<\/a>\n\t\t\t\t\t<\/div>\n\n\t\t\t\t\t<div id=\"elementor-tab-content-1461\" class=\"elementor-tab-content elementor-clearfix\" data-tab=\"1\" role=\"region\" aria-labelledby=\"elementor-tab-title-1461\"><ul><li><b>Philosopher, ce n\u2019est pas seulement bavarder. <\/b>En effet, la discussion \u00e0 vis\u00e9e\u00a0philosophique se distingue d\u2019une simple conversation dans la mesure o\u00f9 les participants s\u2019engagent dans un <b>processus de recherche<\/b>.\u00a0<\/li><\/ul><ul><li>L&#8217;animateur\u00a0guide les participants afin que les id\u00e9es formul\u00e9es ne soient pas juste juxtapos\u00e9es mais bien articul\u00e9es les unes avec les autres, dans le but de <b>formuler des raisonnements.\u00a0<\/b><\/li><\/ul><ul><li>Il s&#8217;agit de permettre le d\u00e9veloppement de diff\u00e9rents processus de pens\u00e9e pour que les participants puissent \u00e9laborer de v\u00e9ritables raisonnements. Ces <b>processus de pens\u00e9e sont essentiels \u00e0 l\u2019atelier philosophique <\/b>comme, par exemple, l\u2019<b>argumentation<\/b>, la <b>conceptualisation<\/b> ou la <b>probl\u00e9matisation<\/b>. L&#8217;animateur va aider les\u00a0participants \u00e0 d\u00e9velopper les habilet\u00e9s de pens\u00e9e en incitant \u00e0 faire des <b>distinctions conceptuelles,<\/b>\u00a0des <b>clarifications<\/b> et <b>justifications<\/b>, en invitant \u00e0 <b>e\u0301valuer les pre\u0301suppose\u0301s<\/b> et <b>envisager les implications.<\/b>\u00a0<\/li><\/ul><ul><li>La discussion philosophique par la double exigence de la rigueur intellectuelle et de l\u2019\u201c\u00a0\u00e9thique communicationnelle\u00a0\u201d (respecter et \u00e9couter l\u2019autre, chercher \u00e0 comprendre sa part de v\u00e9rit\u00e9, avoir besoin de ses propositions et objections pour asseoir sa propre pens\u00e9e), permet d&#8217;<b>\u00e9viter\u00a0<\/b>deux tentations d\u00e9magogiques de toute d\u00e9mocratie\u00a0: le simple \u00e9change des opinions sans recherche d\u2019un fondement rationnel et partageable (doxologie), et l\u2019art de vaincre autrui par la parole sans\u00a0 souci de la v\u00e9rit\u00e9 (sophistique)<\/li><\/ul><ul><li>D\u00e8s lors, <b>cette de\u0301marche e\u0301piste\u0301mique<\/b> dans laquelle\u00a0s&#8217;engage les participants <b>requiert e\u0301galement, de la part de l\u2019animateur, des solides compe\u0301tences de questionnements.<\/b><\/li><\/ul><\/div>\n\t\t\t\t<\/div>\n\t\t\t\t\t\t\t<div class=\"elementor-toggle-item\">\n\t\t\t\t\t<div id=\"elementor-tab-title-1462\" class=\"elementor-tab-title\" data-tab=\"2\" role=\"button\" aria-controls=\"elementor-tab-content-1462\" aria-expanded=\"false\">\n\t\t\t\t\t\t\t\t\t\t\t\t<span class=\"elementor-toggle-icon elementor-toggle-icon-left\" aria-hidden=\"true\">\n\t\t\t\t\t\t\t\t\t\t\t\t\t\t\t<span class=\"elementor-toggle-icon-closed\"><i class=\"fas fa-caret-right\"><\/i><\/span>\n\t\t\t\t\t\t\t\t<span class=\"elementor-toggle-icon-opened\"><i class=\"elementor-toggle-icon-opened fas fa-caret-up\"><\/i><\/span>\n\t\t\t\t\t\t\t\t\t\t\t\t\t<\/span>\n\t\t\t\t\t\t\t\t\t\t\t\t<a class=\"elementor-toggle-title\" tabindex=\"0\">Continuer \u00e0 d\u00e9velopper son esprit critique <\/a>\n\t\t\t\t\t<\/div>\n\n\t\t\t\t\t<div id=\"elementor-tab-content-1462\" class=\"elementor-tab-content elementor-clearfix\" data-tab=\"2\" role=\"region\" aria-labelledby=\"elementor-tab-title-1462\"><ul><li>Faire de la philosophie permet de faire <strong>\u00e9merger une pens\u00e9e critique et r\u00e9flexive.<\/strong><\/li><\/ul><ul><li><p>il s&#8217;agit de consid\u00e9rer chaque participant comme\u00a0<strong>un sujet pensant capable d\u2019appr\u00e9hender des questionnements \u00e0 vis\u00e9e philosophique <\/strong>et de susciter chez lui le\u00a0d\u00e9sir d\u2019approfondir ces interrogations et de faire en sorte qu\u2019il puisse trouver par lui m\u00eame, et avec\u00a0les autres, des pistes de r\u00e9flexion<\/p><\/li><li><p>Ce cadre de<strong>\u00a0recherche<\/strong> philosophique <strong>aide<\/strong>\u00a0les participants\u00a0<strong>\u00e0 examiner les fondements<\/strong> <strong>de leur pens\u00e9e (<\/strong>pr\u00e9suppos\u00e9s et repr\u00e9sentations) ainsi que <strong>les implications<\/strong> pratiques \u00a0<strong>des id\u00e9es<\/strong> qu\u2019ils \u00e9laborent.\u00a0<\/p><\/li><li><p>Il permet \u00e9galement de faire<strong>\u00a0prendre conscience<\/strong> aux participants <strong>des processus de pens\u00e9e<\/strong> \u00e0 l\u2019oeuvre et non de conclure forc\u00e9ment la discussion en formulant une r\u00e9ponse. Cette <strong>\u00ab\u00a0absence <\/strong><strong>de r\u00e9ponse\u00a0\u00bb<\/strong>, qui peut \u00eatre d\u00e9stabilisante, met justement en avant la recherche et son processus.\u00a0<\/p><\/li><li><p><strong>Ce processus collaboratif<\/strong>\u00a0permet \u00e0 chaque participant d&#8217;\u00e9valuer sa pens\u00e9e en mettant \u00e0 l&#8217;\u00e9preuve ses propres pr\u00e9suppos\u00e9s. Il a donc une\u00a0dimension sociale et politique forte permettant d&#8217;\u00e9laborer sa pens\u00e9e \u00a0dans un <strong>contexte d\u00e9mocratique.\u00a0<\/strong><\/p><\/li><\/ul><\/div>\n\t\t\t\t<\/div>\n\t\t\t\t\t\t\t<div class=\"elementor-toggle-item\">\n\t\t\t\t\t<div id=\"elementor-tab-title-1463\" class=\"elementor-tab-title\" data-tab=\"3\" role=\"button\" aria-controls=\"elementor-tab-content-1463\" aria-expanded=\"false\">\n\t\t\t\t\t\t\t\t\t\t\t\t<span class=\"elementor-toggle-icon elementor-toggle-icon-left\" aria-hidden=\"true\">\n\t\t\t\t\t\t\t\t\t\t\t\t\t\t\t<span class=\"elementor-toggle-icon-closed\"><i class=\"fas fa-caret-right\"><\/i><\/span>\n\t\t\t\t\t\t\t\t<span class=\"elementor-toggle-icon-opened\"><i class=\"elementor-toggle-icon-opened fas fa-caret-up\"><\/i><\/span>\n\t\t\t\t\t\t\t\t\t\t\t\t\t<\/span>\n\t\t\t\t\t\t\t\t\t\t\t\t<a class=\"elementor-toggle-title\" tabindex=\"0\">Lib\u00e9rer la parole <\/a>\n\t\t\t\t\t<\/div>\n\n\t\t\t\t\t<div id=\"elementor-tab-content-1463\" class=\"elementor-tab-content elementor-clearfix\" data-tab=\"3\" role=\"region\" aria-labelledby=\"elementor-tab-title-1463\"><ul><li>La discussion philosophique offre un cadre o\u00f9 chaque participant peut exprimer ses pens\u00e9es et son point de vue sur un sujet dans un <strong>cadre\u00a0<\/strong>non dogmatique et non moralisateur.\u00a0<\/li><\/ul><ul><li>Les participants sont\u00a0invit\u00e9s\u00a0\u00e0 <b>formuler \u00e0 haute voix, \u00e0 d&#8217;autres, leurs r\u00e9flexions<\/b>, dans un <b>travail intime de la langue et de la pens\u00e9e<\/b>, puisque c&#8217;est dans les mots que la pens\u00e9e se cherche.\u00a0<\/li><\/ul><ul><li>\u00a0Si la discussion philosophique permet de lib\u00e9rer la parole, la\u00a0parole\u00a0est tout de m\u00eame r\u00e9gie par des r\u00e8gles d\u00e9mocratiques:\u00a0le droit de parler d\u2019un seul, et chacun peut en disposer, c\u2019est le devoir de se taire de tous les autres quand il parle.\u00a0\u00a0<\/li><\/ul><\/div>\n\t\t\t\t<\/div>\n\t\t\t\t\t\t\t<div class=\"elementor-toggle-item\">\n\t\t\t\t\t<div id=\"elementor-tab-title-1464\" class=\"elementor-tab-title\" data-tab=\"4\" role=\"button\" aria-controls=\"elementor-tab-content-1464\" aria-expanded=\"false\">\n\t\t\t\t\t\t\t\t\t\t\t\t<span class=\"elementor-toggle-icon elementor-toggle-icon-left\" aria-hidden=\"true\">\n\t\t\t\t\t\t\t\t\t\t\t\t\t\t\t<span class=\"elementor-toggle-icon-closed\"><i class=\"fas fa-caret-right\"><\/i><\/span>\n\t\t\t\t\t\t\t\t<span class=\"elementor-toggle-icon-opened\"><i class=\"elementor-toggle-icon-opened fas fa-caret-up\"><\/i><\/span>\n\t\t\t\t\t\t\t\t\t\t\t\t\t<\/span>\n\t\t\t\t\t\t\t\t\t\t\t\t<a class=\"elementor-toggle-title\" tabindex=\"0\">Donner un sens \u00e0 l'actualit\u00e9 <\/a>\n\t\t\t\t\t<\/div>\n\n\t\t\t\t\t<div id=\"elementor-tab-content-1464\" class=\"elementor-tab-content elementor-clearfix\" data-tab=\"4\" role=\"region\" aria-labelledby=\"elementor-tab-title-1464\"><ul><li>Les discussions \u00e0 vis\u00e9e philosophique ne sont pas des d\u00e9bats d&#8217;actualit\u00e9.\u00a0<\/li><\/ul><ul><li>En revanche, la <b>m\u00e9thodologie de l&#8217;atelier de philosophie permet d&#8217;aborder certaines th\u00e9matiques qui vont ensuite donner aux participants des outils pour mieux aborder \u00a0les grands enjeux (\u00e9thiques, politiques, scientifiques) contemporains de notre monde.\u00a0<\/b><\/li><\/ul><ul><li>La pratique de la discussion philosophique <b>\u00e9veille \u00e0 &#8220;la pens\u00e9e complexe&#8221; (Edgar Morin) <\/b>et permet de mieux appr\u00e9hender les enjeux majeurs du monde contemporain ne peuvent pas \u00eatre compris de mani\u00e8re isol\u00e9e. La d\u00e9gradation de l\u2019environnement, les in\u00e9galit\u00e9s sociales, le changement climatique, la violence ou encore la guerre sont tous des probl\u00e8mes complexes, car interconnect\u00e9s et interd\u00e9pendants.\u00a0<\/li><\/ul><\/div>\n\t\t\t\t<\/div>\n\t\t\t\t\t\t\t\t<\/div>\n\t\t\t\t\t\t<\/div>\n\t\t\t\t<\/div>\n\t\t\t\t\t<\/div>\n\t\t<\/div>\n\t\t\t\t\t<\/div>\n\t\t<\/section>\n\t\t\t\t<\/div>\n\t\t","protected":false},"excerpt":{"rendered":"<p>Prendre le temps de penser Les diff\u00e9rents objectifs des Ateliers Philo Adultes Acqu\u00e9rir ou perfectionner la m\u00e9thode philosophique Philosopher, ce n\u2019est pas seulement bavarder. En effet, la discussion \u00e0 vis\u00e9e\u00a0philosophique se distingue d\u2019une simple conversation dans la mesure o\u00f9 les participants s\u2019engagent dans un processus de recherche.\u00a0 L&rsquo;animateur\u00a0guide les participants afin que les id\u00e9es formul\u00e9es [&hellip;]<\/p>\n","protected":false},"author":1,"featured_media":0,"parent":142,"menu_order":0,"comment_status":"closed","ping_status":"closed","template":"","meta":{"footnotes":""},"class_list":["post-291","page","type-page","status-publish","hentry"],"yoast_head":"<!-- This site is optimized with the Yoast SEO plugin v25.7 - https:\/\/yoast.com\/wordpress\/plugins\/seo\/ -->\n<title>Ateliers Philo adultes - LE TEMPS DE LA PHILOSOPHIE<\/title>\n<meta name=\"robots\" content=\"index, follow, max-snippet:-1, max-image-preview:large, max-video-preview:-1\" \/>\n<link rel=\"canonical\" href=\"https:\/\/letempsdelaphilosophie.com\/index.php\/ateliers-philo\/ateliers-philo-adultes\/\" \/>\n<meta property=\"og:locale\" content=\"en_US\" \/>\n<meta property=\"og:type\" content=\"article\" \/>\n<meta property=\"og:title\" content=\"Ateliers Philo adultes - LE TEMPS DE LA PHILOSOPHIE\" \/>\n<meta property=\"og:description\" content=\"Prendre le temps de penser Les diff\u00e9rents objectifs des Ateliers Philo Adultes Acqu\u00e9rir ou perfectionner la m\u00e9thode philosophique Philosopher, ce n\u2019est pas seulement bavarder. En effet, la discussion \u00e0 vis\u00e9e\u00a0philosophique se distingue d\u2019une simple conversation dans la mesure o\u00f9 les participants s\u2019engagent dans un processus de recherche.\u00a0 L&rsquo;animateur\u00a0guide les participants afin que les id\u00e9es formul\u00e9es [&hellip;]\" \/>\n<meta property=\"og:url\" content=\"https:\/\/letempsdelaphilosophie.com\/index.php\/ateliers-philo\/ateliers-philo-adultes\/\" \/>\n<meta property=\"og:site_name\" content=\"LE TEMPS DE LA PHILOSOPHIE\" \/>\n<meta property=\"article:publisher\" content=\"https:\/\/www.facebook.com\/letempsdelaphilosophie\/\" \/>\n<meta property=\"article:modified_time\" content=\"2023-04-14T19:33:06+00:00\" \/>\n<meta name=\"twitter:card\" content=\"summary_large_image\" \/>\n<meta name=\"twitter:label1\" content=\"Est. reading time\" \/>\n\t<meta name=\"twitter:data1\" content=\"4 minutes\" \/>\n<script type=\"application\/ld+json\" class=\"yoast-schema-graph\">{\"@context\":\"https:\/\/schema.org\",\"@graph\":[{\"@type\":\"WebPage\",\"@id\":\"https:\/\/letempsdelaphilosophie.com\/index.php\/ateliers-philo\/ateliers-philo-adultes\/\",\"url\":\"https:\/\/letempsdelaphilosophie.com\/index.php\/ateliers-philo\/ateliers-philo-adultes\/\",\"name\":\"Ateliers Philo adultes - LE TEMPS DE LA PHILOSOPHIE\",\"isPartOf\":{\"@id\":\"https:\/\/letempsdelaphilosophie.com\/#website\"},\"datePublished\":\"2023-04-12T15:50:55+00:00\",\"dateModified\":\"2023-04-14T19:33:06+00:00\",\"breadcrumb\":{\"@id\":\"https:\/\/letempsdelaphilosophie.com\/index.php\/ateliers-philo\/ateliers-philo-adultes\/#breadcrumb\"},\"inLanguage\":\"en-US\",\"potentialAction\":[{\"@type\":\"ReadAction\",\"target\":[\"https:\/\/letempsdelaphilosophie.com\/index.php\/ateliers-philo\/ateliers-philo-adultes\/\"]}]},{\"@type\":\"BreadcrumbList\",\"@id\":\"https:\/\/letempsdelaphilosophie.com\/index.php\/ateliers-philo\/ateliers-philo-adultes\/#breadcrumb\",\"itemListElement\":[{\"@type\":\"ListItem\",\"position\":1,\"name\":\"Accueil\",\"item\":\"https:\/\/letempsdelaphilosophie.com\/\"},{\"@type\":\"ListItem\",\"position\":2,\"name\":\"Ateliers Philo\",\"item\":\"https:\/\/letempsdelaphilosophie.com\/index.php\/ateliers-philo\/\"},{\"@type\":\"ListItem\",\"position\":3,\"name\":\"Ateliers Philo adultes\"}]},{\"@type\":\"WebSite\",\"@id\":\"https:\/\/letempsdelaphilosophie.com\/#website\",\"url\":\"https:\/\/letempsdelaphilosophie.com\/\",\"name\":\"LE TEMPS DE LA PHILOSOPHIE\",\"description\":\"PRENDRE LE TEMPS DE PENSER\",\"publisher\":{\"@id\":\"https:\/\/letempsdelaphilosophie.com\/#organization\"},\"potentialAction\":[{\"@type\":\"SearchAction\",\"target\":{\"@type\":\"EntryPoint\",\"urlTemplate\":\"https:\/\/letempsdelaphilosophie.com\/?s={search_term_string}\"},\"query-input\":{\"@type\":\"PropertyValueSpecification\",\"valueRequired\":true,\"valueName\":\"search_term_string\"}}],\"inLanguage\":\"en-US\"},{\"@type\":\"Organization\",\"@id\":\"https:\/\/letempsdelaphilosophie.com\/#organization\",\"name\":\"LE TEMPS DE LA PHILOSOPHIE\",\"url\":\"https:\/\/letempsdelaphilosophie.com\/\",\"logo\":{\"@type\":\"ImageObject\",\"inLanguage\":\"en-US\",\"@id\":\"https:\/\/letempsdelaphilosophie.com\/#\/schema\/logo\/image\/\",\"url\":\"https:\/\/letempsdelaphilosophie.com\/wp-content\/uploads\/2023\/04\/le-temps-de-la-philo-.png\",\"contentUrl\":\"https:\/\/letempsdelaphilosophie.com\/wp-content\/uploads\/2023\/04\/le-temps-de-la-philo-.png\",\"width\":500,\"height\":500,\"caption\":\"LE TEMPS DE LA PHILOSOPHIE\"},\"image\":{\"@id\":\"https:\/\/letempsdelaphilosophie.com\/#\/schema\/logo\/image\/\"},\"sameAs\":[\"https:\/\/www.facebook.com\/letempsdelaphilosophie\/\"]}]}<\/script>\n<!-- \/ Yoast SEO plugin. -->","yoast_head_json":{"title":"Ateliers Philo adultes - LE TEMPS DE LA PHILOSOPHIE","robots":{"index":"index","follow":"follow","max-snippet":"max-snippet:-1","max-image-preview":"max-image-preview:large","max-video-preview":"max-video-preview:-1"},"canonical":"https:\/\/letempsdelaphilosophie.com\/index.php\/ateliers-philo\/ateliers-philo-adultes\/","og_locale":"en_US","og_type":"article","og_title":"Ateliers Philo adultes - LE TEMPS DE LA PHILOSOPHIE","og_description":"Prendre le temps de penser Les diff\u00e9rents objectifs des Ateliers Philo Adultes Acqu\u00e9rir ou perfectionner la m\u00e9thode philosophique Philosopher, ce n\u2019est pas seulement bavarder. En effet, la discussion \u00e0 vis\u00e9e\u00a0philosophique se distingue d\u2019une simple conversation dans la mesure o\u00f9 les participants s\u2019engagent dans un processus de recherche.\u00a0 L&rsquo;animateur\u00a0guide les participants afin que les id\u00e9es formul\u00e9es [&hellip;]","og_url":"https:\/\/letempsdelaphilosophie.com\/index.php\/ateliers-philo\/ateliers-philo-adultes\/","og_site_name":"LE TEMPS DE LA PHILOSOPHIE","article_publisher":"https:\/\/www.facebook.com\/letempsdelaphilosophie\/","article_modified_time":"2023-04-14T19:33:06+00:00","twitter_card":"summary_large_image","twitter_misc":{"Est. reading time":"4 minutes"},"schema":{"@context":"https:\/\/schema.org","@graph":[{"@type":"WebPage","@id":"https:\/\/letempsdelaphilosophie.com\/index.php\/ateliers-philo\/ateliers-philo-adultes\/","url":"https:\/\/letempsdelaphilosophie.com\/index.php\/ateliers-philo\/ateliers-philo-adultes\/","name":"Ateliers Philo adultes - LE TEMPS DE LA PHILOSOPHIE","isPartOf":{"@id":"https:\/\/letempsdelaphilosophie.com\/#website"},"datePublished":"2023-04-12T15:50:55+00:00","dateModified":"2023-04-14T19:33:06+00:00","breadcrumb":{"@id":"https:\/\/letempsdelaphilosophie.com\/index.php\/ateliers-philo\/ateliers-philo-adultes\/#breadcrumb"},"inLanguage":"en-US","potentialAction":[{"@type":"ReadAction","target":["https:\/\/letempsdelaphilosophie.com\/index.php\/ateliers-philo\/ateliers-philo-adultes\/"]}]},{"@type":"BreadcrumbList","@id":"https:\/\/letempsdelaphilosophie.com\/index.php\/ateliers-philo\/ateliers-philo-adultes\/#breadcrumb","itemListElement":[{"@type":"ListItem","position":1,"name":"Accueil","item":"https:\/\/letempsdelaphilosophie.com\/"},{"@type":"ListItem","position":2,"name":"Ateliers Philo","item":"https:\/\/letempsdelaphilosophie.com\/index.php\/ateliers-philo\/"},{"@type":"ListItem","position":3,"name":"Ateliers Philo adultes"}]},{"@type":"WebSite","@id":"https:\/\/letempsdelaphilosophie.com\/#website","url":"https:\/\/letempsdelaphilosophie.com\/","name":"LE TEMPS DE LA PHILOSOPHIE","description":"PRENDRE LE TEMPS DE PENSER","publisher":{"@id":"https:\/\/letempsdelaphilosophie.com\/#organization"},"potentialAction":[{"@type":"SearchAction","target":{"@type":"EntryPoint","urlTemplate":"https:\/\/letempsdelaphilosophie.com\/?s={search_term_string}"},"query-input":{"@type":"PropertyValueSpecification","valueRequired":true,"valueName":"search_term_string"}}],"inLanguage":"en-US"},{"@type":"Organization","@id":"https:\/\/letempsdelaphilosophie.com\/#organization","name":"LE TEMPS DE LA PHILOSOPHIE","url":"https:\/\/letempsdelaphilosophie.com\/","logo":{"@type":"ImageObject","inLanguage":"en-US","@id":"https:\/\/letempsdelaphilosophie.com\/#\/schema\/logo\/image\/","url":"https:\/\/letempsdelaphilosophie.com\/wp-content\/uploads\/2023\/04\/le-temps-de-la-philo-.png","contentUrl":"https:\/\/letempsdelaphilosophie.com\/wp-content\/uploads\/2023\/04\/le-temps-de-la-philo-.png","width":500,"height":500,"caption":"LE TEMPS DE LA PHILOSOPHIE"},"image":{"@id":"https:\/\/letempsdelaphilosophie.com\/#\/schema\/logo\/image\/"},"sameAs":["https:\/\/www.facebook.com\/letempsdelaphilosophie\/"]}]}},"_links":{"self":[{"href":"https:\/\/letempsdelaphilosophie.com\/index.php\/wp-json\/wp\/v2\/pages\/291","targetHints":{"allow":["GET"]}}],"collection":[{"href":"https:\/\/letempsdelaphilosophie.com\/index.php\/wp-json\/wp\/v2\/pages"}],"about":[{"href":"https:\/\/letempsdelaphilosophie.com\/index.php\/wp-json\/wp\/v2\/types\/page"}],"author":[{"embeddable":true,"href":"https:\/\/letempsdelaphilosophie.com\/index.php\/wp-json\/wp\/v2\/users\/1"}],"replies":[{"embeddable":true,"href":"https:\/\/letempsdelaphilosophie.com\/index.php\/wp-json\/wp\/v2\/comments?post=291"}],"version-history":[{"count":16,"href":"https:\/\/letempsdelaphilosophie.com\/index.php\/wp-json\/wp\/v2\/pages\/291\/revisions"}],"predecessor-version":[{"id":565,"href":"https:\/\/letempsdelaphilosophie.com\/index.php\/wp-json\/wp\/v2\/pages\/291\/revisions\/565"}],"up":[{"embeddable":true,"href":"https:\/\/letempsdelaphilosophie.com\/index.php\/wp-json\/wp\/v2\/pages\/142"}],"wp:attachment":[{"href":"https:\/\/letempsdelaphilosophie.com\/index.php\/wp-json\/wp\/v2\/media?parent=291"}],"curies":[{"name":"wp","href":"https:\/\/api.w.org\/{rel}","templated":true}]}}