{"id":144,"date":"2023-04-07T16:59:11","date_gmt":"2023-04-07T14:59:11","guid":{"rendered":"https:\/\/letempsdelaphilosophie.com\/?page_id=144"},"modified":"2023-04-16T13:34:06","modified_gmt":"2023-04-16T11:34:06","slug":"formations","status":"publish","type":"page","link":"https:\/\/letempsdelaphilosophie.com\/index.php\/formations\/","title":{"rendered":"Formations"},"content":{"rendered":"\t\t<div data-elementor-type=\"wp-page\" data-elementor-id=\"144\" class=\"elementor elementor-144\" data-elementor-post-type=\"page\">\n\t\t\t\t\t\t<section class=\"elementor-section elementor-top-section elementor-element elementor-element-c7e0371 elementor-section-boxed elementor-section-height-default elementor-section-height-default\" data-id=\"c7e0371\" data-element_type=\"section\">\n\t\t\t\t\t\t<div class=\"elementor-container elementor-column-gap-default\">\n\t\t\t\t\t<div class=\"elementor-column elementor-col-100 elementor-top-column elementor-element elementor-element-f87656b\" data-id=\"f87656b\" data-element_type=\"column\">\n\t\t\t<div class=\"elementor-widget-wrap elementor-element-populated\">\n\t\t\t\t\t\t<div class=\"elementor-element elementor-element-977c6cf elementor-widget elementor-widget-spacer\" data-id=\"977c6cf\" data-element_type=\"widget\" data-widget_type=\"spacer.default\">\n\t\t\t\t<div class=\"elementor-widget-container\">\n\t\t\t\t\t\t\t<div class=\"elementor-spacer\">\n\t\t\t<div class=\"elementor-spacer-inner\"><\/div>\n\t\t<\/div>\n\t\t\t\t\t\t<\/div>\n\t\t\t\t<\/div>\n\t\t\t\t\t<\/div>\n\t\t<\/div>\n\t\t\t\t\t<\/div>\n\t\t<\/section>\n\t\t\t\t<section class=\"elementor-section elementor-top-section elementor-element elementor-element-bb5bdff elementor-section-boxed elementor-section-height-default elementor-section-height-default\" data-id=\"bb5bdff\" data-element_type=\"section\">\n\t\t\t\t\t\t<div class=\"elementor-container elementor-column-gap-default\">\n\t\t\t\t\t<div class=\"elementor-column elementor-col-100 elementor-top-column elementor-element elementor-element-5e5ef5d\" data-id=\"5e5ef5d\" data-element_type=\"column\">\n\t\t\t<div class=\"elementor-widget-wrap elementor-element-populated\">\n\t\t\t\t\t\t<div class=\"elementor-element elementor-element-4b523d8 elementor-widget elementor-widget-heading\" data-id=\"4b523d8\" data-element_type=\"widget\" data-widget_type=\"heading.default\">\n\t\t\t\t<div class=\"elementor-widget-container\">\n\t\t\t\t\t<h2 class=\"elementor-heading-title elementor-size-default\">Formations<\/h2>\t\t\t\t<\/div>\n\t\t\t\t<\/div>\n\t\t\t\t\t<\/div>\n\t\t<\/div>\n\t\t\t\t\t<\/div>\n\t\t<\/section>\n\t\t\t\t<section class=\"elementor-section elementor-top-section elementor-element elementor-element-6ff34f2 elementor-section-boxed elementor-section-height-default elementor-section-height-default\" data-id=\"6ff34f2\" data-element_type=\"section\">\n\t\t\t\t\t\t<div class=\"elementor-container elementor-column-gap-default\">\n\t\t\t\t\t<div class=\"elementor-column elementor-col-100 elementor-top-column elementor-element elementor-element-71d6f0a\" data-id=\"71d6f0a\" data-element_type=\"column\">\n\t\t\t<div class=\"elementor-widget-wrap elementor-element-populated\">\n\t\t\t\t\t\t<div class=\"elementor-element elementor-element-a87627a elementor-widget elementor-widget-text-editor\" data-id=\"a87627a\" data-element_type=\"widget\" data-widget_type=\"text-editor.default\">\n\t\t\t\t<div class=\"elementor-widget-container\">\n\t\t\t\t\t\t\t\t\t<p>** Le planning des formations est en cours d&#8217;\u00e9laboration **<\/p><p><span style=\"color: var(--wp--preset--color--text-regular); font-family: var( --e-global-typography-text-font-family ), Sans-serif; font-size: var(--wp--preset--font-size--base); background-color: var(--wp--preset--color--background);\">Le Temps de la Philosophie dispense <\/span><strong style=\"color: var(--wp--preset--color--text-regular); font-family: var( --e-global-typography-text-font-family ), Sans-serif; font-size: var(--wp--preset--font-size--base);\">plusieurs types de formation \u00e0 la pratique des ateliers de philosophie avec les enfants\u00a0<\/strong><span style=\"color: var(--wp--preset--color--text-regular); font-family: var( --e-global-typography-text-font-family ), Sans-serif; font-size: var(--wp--preset--font-size--base); background-color: var(--wp--preset--color--background);\">et propose l\u2019\u00e9laboration de formations sur mesure.<\/span><\/p><p>Les formations sont toutes compos\u00e9es d\u2019un <strong>volet th\u00e9orique<\/strong> et d\u2019un <strong>volet pratique<\/strong>. Il s\u2019agit de <strong>formations actives<\/strong> o\u00f9 le stagiaire peut <strong>exp\u00e9rimenter la pratique<\/strong> et acqu\u00e9rir des <strong>outils concrets<\/strong> (dispositif, jeu ou exercice) pour animer une discussion \u00e0 vis\u00e9e philosophique. Les formations se pr\u00e9sentent sous forme d\u2019\u00e9changes interactifs et de travaux en petits groupes.<\/p>\t\t\t\t\t\t\t\t<\/div>\n\t\t\t\t<\/div>\n\t\t\t\t<div class=\"elementor-element elementor-element-352bb20 elementor-cta--skin-classic elementor-animated-content elementor-bg-transform elementor-bg-transform-zoom-in elementor-widget elementor-widget-call-to-action\" data-id=\"352bb20\" data-element_type=\"widget\" data-widget_type=\"call-to-action.default\">\n\t\t\t\t<div class=\"elementor-widget-container\">\n\t\t\t\t\t\t\t<div class=\"elementor-cta\">\n\t\t\t\t\t<div class=\"elementor-cta__bg-wrapper\">\n\t\t\t\t<div class=\"elementor-cta__bg elementor-bg\" style=\"background-image: url(https:\/\/letempsdelaphilosophie.com\/wp-content\/uploads\/2023\/04\/150-1508077_monstera-leaf-cheese-plant-leaf.png.jpeg);\" role=\"img\" aria-label=\"150-1508077_monstera-leaf-cheese-plant-leaf.png\"><\/div>\n\t\t\t\t<div class=\"elementor-cta__bg-overlay\"><\/div>\n\t\t\t<\/div>\n\t\t\t\t\t\t\t<div class=\"elementor-cta__content\">\n\t\t\t\t\n\t\t\t\t\t\t\t\t\t<h2 class=\"elementor-cta__title elementor-cta__content-item elementor-content-item\">\n\t\t\t\t\t\tFormation Philosophie de la nature\t\t\t\t\t<\/h2>\n\t\t\t\t\n\t\t\t\t\n\t\t\t\t\t\t\t\t\t<div class=\"elementor-cta__button-wrapper elementor-cta__content-item elementor-content-item \">\n\t\t\t\t\t<a class=\"elementor-cta__button elementor-button elementor-size-\" href=\"https:\/\/letempsdelaphilosophie.com\/index.php\/formations\/formation-philosophie-de-la-nature\/\">\n\t\t\t\t\t\ten savoir plus \t\t\t\t\t<\/a>\n\t\t\t\t\t<\/div>\n\t\t\t\t\t\t\t<\/div>\n\t\t\t\t\t\t<\/div>\n\t\t\t\t\t\t<\/div>\n\t\t\t\t<\/div>\n\t\t\t\t\t<\/div>\n\t\t<\/div>\n\t\t\t\t\t<\/div>\n\t\t<\/section>\n\t\t\t\t<section class=\"elementor-section elementor-top-section elementor-element elementor-element-66cbc0b elementor-section-boxed elementor-section-height-default elementor-section-height-default\" data-id=\"66cbc0b\" data-element_type=\"section\">\n\t\t\t\t\t\t<div class=\"elementor-container elementor-column-gap-default\">\n\t\t\t\t\t<div class=\"elementor-column elementor-col-50 elementor-top-column elementor-element elementor-element-30c08cf\" data-id=\"30c08cf\" data-element_type=\"column\">\n\t\t\t<div class=\"elementor-widget-wrap elementor-element-populated\">\n\t\t\t\t\t\t<div class=\"elementor-element elementor-element-8347400 elementor-cta--skin-classic elementor-animated-content elementor-bg-transform elementor-bg-transform-zoom-in elementor-widget elementor-widget-call-to-action\" data-id=\"8347400\" data-element_type=\"widget\" data-widget_type=\"call-to-action.default\">\n\t\t\t\t<div class=\"elementor-widget-container\">\n\t\t\t\t\t\t\t<div class=\"elementor-cta\">\n\t\t\t\t\t<div class=\"elementor-cta__bg-wrapper\">\n\t\t\t\t<div class=\"elementor-cta__bg elementor-bg\" style=\"background-image: url(https:\/\/letempsdelaphilosophie.com\/wp-content\/uploads\/2023\/04\/Unknown-1.jpeg);\" role=\"img\" aria-label=\"Unknown\"><\/div>\n\t\t\t\t<div class=\"elementor-cta__bg-overlay\"><\/div>\n\t\t\t<\/div>\n\t\t\t\t\t\t\t<div class=\"elementor-cta__content\">\n\t\t\t\t\n\t\t\t\t\t\t\t\t\t<h2 class=\"elementor-cta__title elementor-cta__content-item elementor-content-item\">\n\t\t\t\t\t\tInitiation \u00e0 la Pratique de Philosophie avec les Enfants \t\t\t\t\t<\/h2>\n\t\t\t\t\n\t\t\t\t\n\t\t\t\t\t\t\t\t\t<div class=\"elementor-cta__button-wrapper elementor-cta__content-item elementor-content-item \">\n\t\t\t\t\t<a class=\"elementor-cta__button elementor-button elementor-size-\" href=\"https:\/\/letempsdelaphilosophie.com\/index.php\/formations\/initiation-a-la-pratique-de-la-philosophie-avec-les-enfants\/\">\n\t\t\t\t\t\tEn savoir plus\t\t\t\t\t<\/a>\n\t\t\t\t\t<\/div>\n\t\t\t\t\t\t\t<\/div>\n\t\t\t\t\t\t<\/div>\n\t\t\t\t\t\t<\/div>\n\t\t\t\t<\/div>\n\t\t\t\t\t<\/div>\n\t\t<\/div>\n\t\t\t\t<div class=\"elementor-column elementor-col-50 elementor-top-column elementor-element elementor-element-0b99e29\" data-id=\"0b99e29\" data-element_type=\"column\">\n\t\t\t<div class=\"elementor-widget-wrap elementor-element-populated\">\n\t\t\t\t\t\t<div class=\"elementor-element elementor-element-e142444 elementor-cta--skin-classic elementor-animated-content elementor-bg-transform elementor-bg-transform-zoom-in elementor-widget elementor-widget-call-to-action\" data-id=\"e142444\" data-element_type=\"widget\" data-widget_type=\"call-to-action.default\">\n\t\t\t\t<div class=\"elementor-widget-container\">\n\t\t\t\t\t\t\t<div class=\"elementor-cta\">\n\t\t\t\t\t<div class=\"elementor-cta__bg-wrapper\">\n\t\t\t\t<div class=\"elementor-cta__bg elementor-bg\" style=\"background-image: url(https:\/\/letempsdelaphilosophie.com\/wp-content\/uploads\/2023\/04\/open-book-from-a-splash-of-watercolor-hand-drawn-sketch-illustration-of-paints-vector-1024x896.jpeg);\" role=\"img\" aria-label=\"open-book-from-a-splash-of-watercolor-hand-drawn-sketch-illustration-of-paints-vector\"><\/div>\n\t\t\t\t<div class=\"elementor-cta__bg-overlay\"><\/div>\n\t\t\t<\/div>\n\t\t\t\t\t\t\t<div class=\"elementor-cta__content\">\n\t\t\t\t\n\t\t\t\t\t\t\t\t\t<h2 class=\"elementor-cta__title elementor-cta__content-item elementor-content-item\">\n\t\t\t\t\t\tPerfectionner sa Pratique des Ateliers de Philosophie \t\t\t\t\t<\/h2>\n\t\t\t\t\n\t\t\t\t\n\t\t\t\t\t\t\t\t\t<div class=\"elementor-cta__button-wrapper elementor-cta__content-item elementor-content-item \">\n\t\t\t\t\t<a class=\"elementor-cta__button elementor-button elementor-size-\" href=\"https:\/\/letempsdelaphilosophie.com\/index.php\/formations\/perfectionner-sa-pratique-des-ateliers-de-philosophie\/\">\n\t\t\t\t\t\tEn savoir plus\t\t\t\t\t<\/a>\n\t\t\t\t\t<\/div>\n\t\t\t\t\t\t\t<\/div>\n\t\t\t\t\t\t<\/div>\n\t\t\t\t\t\t<\/div>\n\t\t\t\t<\/div>\n\t\t\t\t\t<\/div>\n\t\t<\/div>\n\t\t\t\t\t<\/div>\n\t\t<\/section>\n\t\t\t\t<\/div>\n\t\t","protected":false},"excerpt":{"rendered":"<p>Formations ** Le planning des formations est en cours d&#8217;\u00e9laboration ** Le Temps de la Philosophie dispense plusieurs types de formation \u00e0 la pratique des ateliers de philosophie avec les enfants\u00a0et propose l\u2019\u00e9laboration de formations sur mesure. Les formations sont toutes compos\u00e9es d\u2019un volet th\u00e9orique et d\u2019un volet pratique. Il s\u2019agit de formations actives o\u00f9 [&hellip;]<\/p>\n","protected":false},"author":1,"featured_media":0,"parent":0,"menu_order":0,"comment_status":"closed","ping_status":"closed","template":"","meta":{"footnotes":""},"class_list":["post-144","page","type-page","status-publish","hentry"],"yoast_head":"<!-- This site is optimized with the Yoast SEO plugin v25.7 - https:\/\/yoast.com\/wordpress\/plugins\/seo\/ -->\n<title>Formations - LE TEMPS DE LA PHILOSOPHIE<\/title>\n<meta name=\"robots\" content=\"index, follow, max-snippet:-1, max-image-preview:large, max-video-preview:-1\" \/>\n<link rel=\"canonical\" href=\"https:\/\/letempsdelaphilosophie.com\/index.php\/formations\/\" \/>\n<meta property=\"og:locale\" content=\"en_US\" \/>\n<meta property=\"og:type\" content=\"article\" \/>\n<meta property=\"og:title\" content=\"Formations - LE TEMPS DE LA PHILOSOPHIE\" \/>\n<meta property=\"og:description\" content=\"Formations ** Le planning des formations est en cours d&#8217;\u00e9laboration ** Le Temps de la Philosophie dispense plusieurs types de formation \u00e0 la pratique des ateliers de philosophie avec les enfants\u00a0et propose l\u2019\u00e9laboration de formations sur mesure. Les formations sont toutes compos\u00e9es d\u2019un volet th\u00e9orique et d\u2019un volet pratique. Il s\u2019agit de formations actives o\u00f9 [&hellip;]\" \/>\n<meta property=\"og:url\" content=\"https:\/\/letempsdelaphilosophie.com\/index.php\/formations\/\" \/>\n<meta property=\"og:site_name\" content=\"LE TEMPS DE LA PHILOSOPHIE\" \/>\n<meta property=\"article:publisher\" content=\"https:\/\/www.facebook.com\/letempsdelaphilosophie\/\" \/>\n<meta property=\"article:modified_time\" content=\"2023-04-16T11:34:06+00:00\" \/>\n<meta name=\"twitter:card\" content=\"summary_large_image\" \/>\n<meta name=\"twitter:label1\" content=\"Est. reading time\" \/>\n\t<meta name=\"twitter:data1\" content=\"1 minute\" \/>\n<script type=\"application\/ld+json\" class=\"yoast-schema-graph\">{\"@context\":\"https:\/\/schema.org\",\"@graph\":[{\"@type\":\"WebPage\",\"@id\":\"https:\/\/letempsdelaphilosophie.com\/index.php\/formations\/\",\"url\":\"https:\/\/letempsdelaphilosophie.com\/index.php\/formations\/\",\"name\":\"Formations - LE TEMPS DE LA PHILOSOPHIE\",\"isPartOf\":{\"@id\":\"https:\/\/letempsdelaphilosophie.com\/#website\"},\"datePublished\":\"2023-04-07T14:59:11+00:00\",\"dateModified\":\"2023-04-16T11:34:06+00:00\",\"breadcrumb\":{\"@id\":\"https:\/\/letempsdelaphilosophie.com\/index.php\/formations\/#breadcrumb\"},\"inLanguage\":\"en-US\",\"potentialAction\":[{\"@type\":\"ReadAction\",\"target\":[\"https:\/\/letempsdelaphilosophie.com\/index.php\/formations\/\"]}]},{\"@type\":\"BreadcrumbList\",\"@id\":\"https:\/\/letempsdelaphilosophie.com\/index.php\/formations\/#breadcrumb\",\"itemListElement\":[{\"@type\":\"ListItem\",\"position\":1,\"name\":\"Accueil\",\"item\":\"https:\/\/letempsdelaphilosophie.com\/\"},{\"@type\":\"ListItem\",\"position\":2,\"name\":\"Formations\"}]},{\"@type\":\"WebSite\",\"@id\":\"https:\/\/letempsdelaphilosophie.com\/#website\",\"url\":\"https:\/\/letempsdelaphilosophie.com\/\",\"name\":\"LE TEMPS DE LA PHILOSOPHIE\",\"description\":\"PRENDRE LE TEMPS DE PENSER\",\"publisher\":{\"@id\":\"https:\/\/letempsdelaphilosophie.com\/#organization\"},\"potentialAction\":[{\"@type\":\"SearchAction\",\"target\":{\"@type\":\"EntryPoint\",\"urlTemplate\":\"https:\/\/letempsdelaphilosophie.com\/?s={search_term_string}\"},\"query-input\":{\"@type\":\"PropertyValueSpecification\",\"valueRequired\":true,\"valueName\":\"search_term_string\"}}],\"inLanguage\":\"en-US\"},{\"@type\":\"Organization\",\"@id\":\"https:\/\/letempsdelaphilosophie.com\/#organization\",\"name\":\"LE TEMPS DE LA PHILOSOPHIE\",\"url\":\"https:\/\/letempsdelaphilosophie.com\/\",\"logo\":{\"@type\":\"ImageObject\",\"inLanguage\":\"en-US\",\"@id\":\"https:\/\/letempsdelaphilosophie.com\/#\/schema\/logo\/image\/\",\"url\":\"https:\/\/letempsdelaphilosophie.com\/wp-content\/uploads\/2023\/04\/le-temps-de-la-philo-.png\",\"contentUrl\":\"https:\/\/letempsdelaphilosophie.com\/wp-content\/uploads\/2023\/04\/le-temps-de-la-philo-.png\",\"width\":500,\"height\":500,\"caption\":\"LE TEMPS DE LA PHILOSOPHIE\"},\"image\":{\"@id\":\"https:\/\/letempsdelaphilosophie.com\/#\/schema\/logo\/image\/\"},\"sameAs\":[\"https:\/\/www.facebook.com\/letempsdelaphilosophie\/\"]}]}<\/script>\n<!-- \/ Yoast SEO plugin. -->","yoast_head_json":{"title":"Formations - LE TEMPS DE LA PHILOSOPHIE","robots":{"index":"index","follow":"follow","max-snippet":"max-snippet:-1","max-image-preview":"max-image-preview:large","max-video-preview":"max-video-preview:-1"},"canonical":"https:\/\/letempsdelaphilosophie.com\/index.php\/formations\/","og_locale":"en_US","og_type":"article","og_title":"Formations - LE TEMPS DE LA PHILOSOPHIE","og_description":"Formations ** Le planning des formations est en cours d&#8217;\u00e9laboration ** Le Temps de la Philosophie dispense plusieurs types de formation \u00e0 la pratique des ateliers de philosophie avec les enfants\u00a0et propose l\u2019\u00e9laboration de formations sur mesure. Les formations sont toutes compos\u00e9es d\u2019un volet th\u00e9orique et d\u2019un volet pratique. Il s\u2019agit de formations actives o\u00f9 [&hellip;]","og_url":"https:\/\/letempsdelaphilosophie.com\/index.php\/formations\/","og_site_name":"LE TEMPS DE LA PHILOSOPHIE","article_publisher":"https:\/\/www.facebook.com\/letempsdelaphilosophie\/","article_modified_time":"2023-04-16T11:34:06+00:00","twitter_card":"summary_large_image","twitter_misc":{"Est. reading time":"1 minute"},"schema":{"@context":"https:\/\/schema.org","@graph":[{"@type":"WebPage","@id":"https:\/\/letempsdelaphilosophie.com\/index.php\/formations\/","url":"https:\/\/letempsdelaphilosophie.com\/index.php\/formations\/","name":"Formations - LE TEMPS DE LA PHILOSOPHIE","isPartOf":{"@id":"https:\/\/letempsdelaphilosophie.com\/#website"},"datePublished":"2023-04-07T14:59:11+00:00","dateModified":"2023-04-16T11:34:06+00:00","breadcrumb":{"@id":"https:\/\/letempsdelaphilosophie.com\/index.php\/formations\/#breadcrumb"},"inLanguage":"en-US","potentialAction":[{"@type":"ReadAction","target":["https:\/\/letempsdelaphilosophie.com\/index.php\/formations\/"]}]},{"@type":"BreadcrumbList","@id":"https:\/\/letempsdelaphilosophie.com\/index.php\/formations\/#breadcrumb","itemListElement":[{"@type":"ListItem","position":1,"name":"Accueil","item":"https:\/\/letempsdelaphilosophie.com\/"},{"@type":"ListItem","position":2,"name":"Formations"}]},{"@type":"WebSite","@id":"https:\/\/letempsdelaphilosophie.com\/#website","url":"https:\/\/letempsdelaphilosophie.com\/","name":"LE TEMPS DE LA PHILOSOPHIE","description":"PRENDRE LE TEMPS DE PENSER","publisher":{"@id":"https:\/\/letempsdelaphilosophie.com\/#organization"},"potentialAction":[{"@type":"SearchAction","target":{"@type":"EntryPoint","urlTemplate":"https:\/\/letempsdelaphilosophie.com\/?s={search_term_string}"},"query-input":{"@type":"PropertyValueSpecification","valueRequired":true,"valueName":"search_term_string"}}],"inLanguage":"en-US"},{"@type":"Organization","@id":"https:\/\/letempsdelaphilosophie.com\/#organization","name":"LE TEMPS DE LA PHILOSOPHIE","url":"https:\/\/letempsdelaphilosophie.com\/","logo":{"@type":"ImageObject","inLanguage":"en-US","@id":"https:\/\/letempsdelaphilosophie.com\/#\/schema\/logo\/image\/","url":"https:\/\/letempsdelaphilosophie.com\/wp-content\/uploads\/2023\/04\/le-temps-de-la-philo-.png","contentUrl":"https:\/\/letempsdelaphilosophie.com\/wp-content\/uploads\/2023\/04\/le-temps-de-la-philo-.png","width":500,"height":500,"caption":"LE TEMPS DE LA PHILOSOPHIE"},"image":{"@id":"https:\/\/letempsdelaphilosophie.com\/#\/schema\/logo\/image\/"},"sameAs":["https:\/\/www.facebook.com\/letempsdelaphilosophie\/"]}]}},"_links":{"self":[{"href":"https:\/\/letempsdelaphilosophie.com\/index.php\/wp-json\/wp\/v2\/pages\/144","targetHints":{"allow":["GET"]}}],"collection":[{"href":"https:\/\/letempsdelaphilosophie.com\/index.php\/wp-json\/wp\/v2\/pages"}],"about":[{"href":"https:\/\/letempsdelaphilosophie.com\/index.php\/wp-json\/wp\/v2\/types\/page"}],"author":[{"embeddable":true,"href":"https:\/\/letempsdelaphilosophie.com\/index.php\/wp-json\/wp\/v2\/users\/1"}],"replies":[{"embeddable":true,"href":"https:\/\/letempsdelaphilosophie.com\/index.php\/wp-json\/wp\/v2\/comments?post=144"}],"version-history":[{"count":34,"href":"https:\/\/letempsdelaphilosophie.com\/index.php\/wp-json\/wp\/v2\/pages\/144\/revisions"}],"predecessor-version":[{"id":625,"href":"https:\/\/letempsdelaphilosophie.com\/index.php\/wp-json\/wp\/v2\/pages\/144\/revisions\/625"}],"wp:attachment":[{"href":"https:\/\/letempsdelaphilosophie.com\/index.php\/wp-json\/wp\/v2\/media?parent=144"}],"curies":[{"name":"wp","href":"https:\/\/api.w.org\/{rel}","templated":true}]}}