{"id":138,"date":"2023-04-07T16:58:07","date_gmt":"2023-04-07T14:58:07","guid":{"rendered":"https:\/\/letempsdelaphilosophie.com\/?page_id=138"},"modified":"2026-01-20T18:57:21","modified_gmt":"2026-01-20T17:57:21","slug":"le-projet","status":"publish","type":"page","link":"https:\/\/letempsdelaphilosophie.com\/index.php\/le-projet\/","title":{"rendered":"Le Projet"},"content":{"rendered":"\t\t<div data-elementor-type=\"wp-page\" data-elementor-id=\"138\" class=\"elementor elementor-138\" data-elementor-post-type=\"page\">\n\t\t\t\t\t\t<section class=\"elementor-section elementor-top-section elementor-element elementor-element-f0d0b60 elementor-section-boxed elementor-section-height-default elementor-section-height-default\" data-id=\"f0d0b60\" data-element_type=\"section\">\n\t\t\t\t\t\t<div class=\"elementor-container elementor-column-gap-default\">\n\t\t\t\t\t<div class=\"elementor-column elementor-col-100 elementor-top-column elementor-element elementor-element-c03b2c9\" data-id=\"c03b2c9\" data-element_type=\"column\">\n\t\t\t<div class=\"elementor-widget-wrap elementor-element-populated\">\n\t\t\t\t\t\t<div class=\"elementor-element elementor-element-4af404c elementor-widget elementor-widget-spacer\" data-id=\"4af404c\" data-element_type=\"widget\" data-widget_type=\"spacer.default\">\n\t\t\t\t<div class=\"elementor-widget-container\">\n\t\t\t\t\t\t\t<div class=\"elementor-spacer\">\n\t\t\t<div class=\"elementor-spacer-inner\"><\/div>\n\t\t<\/div>\n\t\t\t\t\t\t<\/div>\n\t\t\t\t<\/div>\n\t\t\t\t<div class=\"elementor-element elementor-element-95a070a elementor-widget elementor-widget-heading\" data-id=\"95a070a\" data-element_type=\"widget\" data-widget_type=\"heading.default\">\n\t\t\t\t<div class=\"elementor-widget-container\">\n\t\t\t\t\t<h2 class=\"elementor-heading-title elementor-size-default\">Le Temps de la Philosophie<\/h2>\t\t\t\t<\/div>\n\t\t\t\t<\/div>\n\t\t\t\t\t<\/div>\n\t\t<\/div>\n\t\t\t\t\t<\/div>\n\t\t<\/section>\n\t\t\t\t<section class=\"elementor-section elementor-top-section elementor-element elementor-element-eae93e2 elementor-section-boxed elementor-section-height-default elementor-section-height-default\" data-id=\"eae93e2\" data-element_type=\"section\">\n\t\t\t\t\t\t<div class=\"elementor-container elementor-column-gap-default\">\n\t\t\t\t\t<div class=\"elementor-column elementor-col-100 elementor-top-column elementor-element elementor-element-6b17534\" data-id=\"6b17534\" data-element_type=\"column\">\n\t\t\t<div class=\"elementor-widget-wrap elementor-element-populated\">\n\t\t\t\t\t\t<div class=\"elementor-element elementor-element-61a5628 elementor-widget elementor-widget-text-editor\" data-id=\"61a5628\" data-element_type=\"widget\" data-widget_type=\"text-editor.default\">\n\t\t\t\t<div class=\"elementor-widget-container\">\n\t\t\t\t\t\t\t\t\t<div class=\"x11i5rnm xat24cr x1mh8g0r x1vvkbs xtlvy1s x126k92a\"><div dir=\"auto\">Oser la philosophie, la d\u00e9sacraliser, s\u2019en emparer, travailler les concepts, se familiariser avec les processus de questionnements et faire en sorte qu\u2019elle soit une source d\u2019inspiration dans nos vies, qu\u2019elle nous permette d\u2019\u00e9clairer nos choix, d\u2019\u00eatre plus lucides, de mieux appr\u00e9hender les \u00e9preuves que l\u2019on traverse comme de saisir et d\u2019appr\u00e9cier les moments de joie : tel est le projet du <a class=\"x1i10hfl xjbqb8w x6umtig x1b1mbwd xaqea5y xav7gou x9f619 x1ypdohk xt0psk2 xe8uvvx xdj266r x11i5rnm xat24cr x1mh8g0r xexx8yu x4uap5 x18d9i69 xkhd6sd x16tdsg8 x1hl2dhg xggy1nq x1a2a7pz xt0b8zv x1qq9wsj xo1l8bm\" tabindex=\"0\" role=\"link\" href=\"https:\/\/www.facebook.com\/laphilopourenfants?__cft__[0]=AZVuFsgZ2uyEQB6d-tJZgLKN_qP2bjAtrzHp8ncsJjkHP-wB9wmUXIhAko9YYc6T8lEGZpN8_3g3KGN4nOJB6Cb09PQcqxlFb3uBmR3wxX_bJ7vXRpi4Ap15IZeVLI0ow1jtC4E2UE1Hk8Yh49kATjRhSOAzfMYDehAiGeWzm0w-TYon2H9oHRZH-QC-RQMPFsg&amp;__tn__=-]K-R\"><span class=\"xt0psk2\">Temps de la Philosophie<\/span><\/a>.<\/div><div dir=\"auto\">\u00a0<\/div><\/div><div class=\"x11i5rnm xat24cr x1mh8g0r x1vvkbs xtlvy1s x126k92a\"><div dir=\"auto\"><span class=\"x3nfvp2 x1j61x8r x1fcty0u xdj266r xhhsvwb xat24cr xgzva0m xxymvpz xlup9mm x1kky2od\"><img decoding=\"async\" src=\"https:\/\/static.xx.fbcdn.net\/images\/emoji.php\/v9\/t2b\/1\/16\/1f553.png\" alt=\"\ud83d\udd53\" width=\"16\" height=\"16\" \/><\/span> Dans le tumulte de nos vies, le temps de la philosophie, c\u2019est aussi une parenth\u00e8se pour prendre le temps de penser par soi-m\u00eame et avec les autres, laisser se d\u00e9ployer la r\u00e9flexion, nous offrir la possibilit\u00e9 de la nuance.<\/div><div dir=\"auto\"><span class=\"x3nfvp2 x1j61x8r x1fcty0u xdj266r xhhsvwb xat24cr xgzva0m xxymvpz xlup9mm x1kky2od\" style=\"color: var( --e-global-color-text ); font-family: var( --e-global-typography-text-font-family ), Sans-serif; font-size: var(--wp--preset--font-size--base);\">\u00a0<\/span><\/div><div dir=\"auto\"><span class=\"x3nfvp2 x1j61x8r x1fcty0u xdj266r xhhsvwb xat24cr xgzva0m xxymvpz xlup9mm x1kky2od\" style=\"color: var( --e-global-color-text ); font-family: var( --e-global-typography-text-font-family ), Sans-serif; font-size: var(--wp--preset--font-size--base);\"><img decoding=\"async\" src=\"https:\/\/static.xx.fbcdn.net\/images\/emoji.php\/v9\/t70\/1\/16\/1f536.png\" alt=\"\ud83d\udd36\" width=\"16\" height=\"16\" \/><\/span><span style=\"color: var( --e-global-color-text ); font-family: var( --e-global-typography-text-font-family ), Sans-serif; font-size: var(--wp--preset--font-size--base); background-color: var(--wp--preset--color--background);\">\u00a0Le Temps de la Philosophie est un projet o\u00f9 il est question de transmission (ateliers philo et formations), de la pratique de la philosophie sur le terrain (avec toujours un axe de r\u00e9flexion approfondie sur la philosophie avec les enfants), d\u2019actualit\u00e9 philosophique mais aussi de l\u2019actualit\u00e9 du point de vue de la philosophie.<\/span><\/div><\/div><div class=\"x11i5rnm xat24cr x1mh8g0r x1vvkbs xtlvy1s x126k92a\"><div dir=\"auto\">\u00a0<\/div><\/div><div class=\"x11i5rnm xat24cr x1mh8g0r x1vvkbs xtlvy1s x126k92a\"><div dir=\"auto\"><span class=\"x3nfvp2 x1j61x8r x1fcty0u xdj266r xhhsvwb xat24cr xgzva0m xxymvpz xlup9mm x1kky2od\"><img decoding=\"async\" src=\"https:\/\/static.xx.fbcdn.net\/images\/emoji.php\/v9\/t6e\/1\/16\/1f4ac.png\" alt=\"\ud83d\udcac\" width=\"16\" height=\"16\" \/><\/span> Il est n\u00e9cessaire de \u00a0 prendre du temps pour apprivoiser sa propre pens\u00e9e et, aussi, s\u2019accorder la possibilit\u00e9 de penser ensemble, dans une soci\u00e9t\u00e9 o\u00f9 tout s&#8217;acc\u00e9l\u00e8re et o\u00f9 il semble de plus en plus difficile de s\u2019\u00e9couter et m\u00eame simplement de s\u2019entendre.<\/div><div dir=\"auto\">\u00a0<\/div><div dir=\"auto\">\u00a0<\/div><\/div><div class=\"x11i5rnm xat24cr x1mh8g0r x1vvkbs xtlvy1s x126k92a\">\u00a0<\/div><div class=\"x11i5rnm xat24cr x1mh8g0r x1vvkbs xtlvy1s x126k92a\"><div dir=\"auto\">\u00a0<\/div><\/div>\t\t\t\t\t\t\t\t<\/div>\n\t\t\t\t<\/div>\n\t\t\t\t\t<\/div>\n\t\t<\/div>\n\t\t\t\t\t<\/div>\n\t\t<\/section>\n\t\t\t\t<section class=\"elementor-section elementor-top-section elementor-element elementor-element-0daf77e elementor-section-boxed elementor-section-height-default elementor-section-height-default\" data-id=\"0daf77e\" data-element_type=\"section\">\n\t\t\t\t\t\t<div class=\"elementor-container elementor-column-gap-default\">\n\t\t\t\t\t<div class=\"elementor-column elementor-col-66 elementor-top-column elementor-element elementor-element-9e40862\" data-id=\"9e40862\" data-element_type=\"column\">\n\t\t\t<div class=\"elementor-widget-wrap elementor-element-populated\">\n\t\t\t\t\t\t<div class=\"elementor-element elementor-element-e4315ae elementor-widget__width-initial elementor-widget elementor-widget-heading\" data-id=\"e4315ae\" data-element_type=\"widget\" data-widget_type=\"heading.default\">\n\t\t\t\t<div class=\"elementor-widget-container\">\n\t\t\t\t\t<h2 class=\"elementor-heading-title elementor-size-default\"><br><br><br>Claire Larroque, <br>Fondatrice du projet <br><br><br><\/h2>\t\t\t\t<\/div>\n\t\t\t\t<\/div>\n\t\t\t\t\t<\/div>\n\t\t<\/div>\n\t\t\t\t<div class=\"elementor-column elementor-col-33 elementor-top-column elementor-element elementor-element-d2899cc\" data-id=\"d2899cc\" data-element_type=\"column\">\n\t\t\t<div class=\"elementor-widget-wrap elementor-element-populated\">\n\t\t\t\t\t\t<div class=\"elementor-element elementor-element-0b45684 elementor-widget__width-initial elementor-widget elementor-widget-image\" data-id=\"0b45684\" data-element_type=\"widget\" data-widget_type=\"image.default\">\n\t\t\t\t<div class=\"elementor-widget-container\">\n\t\t\t\t\t\t\t\t\t\t\t\t\t\t\t<img loading=\"lazy\" decoding=\"async\" width=\"200\" height=\"300\" src=\"https:\/\/letempsdelaphilosophie.com\/wp-content\/uploads\/2024\/02\/7M9A1549-200x300.jpg\" class=\"attachment-medium size-medium wp-image-1011\" alt=\"\" srcset=\"https:\/\/letempsdelaphilosophie.com\/wp-content\/uploads\/2024\/02\/7M9A1549-200x300.jpg 200w, https:\/\/letempsdelaphilosophie.com\/wp-content\/uploads\/2024\/02\/7M9A1549-683x1024.jpg 683w, https:\/\/letempsdelaphilosophie.com\/wp-content\/uploads\/2024\/02\/7M9A1549-768x1152.jpg 768w, https:\/\/letempsdelaphilosophie.com\/wp-content\/uploads\/2024\/02\/7M9A1549-1024x1536.jpg 1024w, https:\/\/letempsdelaphilosophie.com\/wp-content\/uploads\/2024\/02\/7M9A1549-1365x2048.jpg 1365w, https:\/\/letempsdelaphilosophie.com\/wp-content\/uploads\/2024\/02\/7M9A1549-1170x1755.jpg 1170w, https:\/\/letempsdelaphilosophie.com\/wp-content\/uploads\/2024\/02\/7M9A1549-scaled.jpg 1707w\" sizes=\"(max-width: 200px) 100vw, 200px\" \/>\t\t\t\t\t\t\t\t\t\t\t\t\t\t\t<\/div>\n\t\t\t\t<\/div>\n\t\t\t\t\t<\/div>\n\t\t<\/div>\n\t\t\t\t\t<\/div>\n\t\t<\/section>\n\t\t\t\t<section class=\"elementor-section elementor-top-section elementor-element elementor-element-af9b3a0 elementor-section-boxed elementor-section-height-default elementor-section-height-default\" data-id=\"af9b3a0\" data-element_type=\"section\">\n\t\t\t\t\t\t<div class=\"elementor-container elementor-column-gap-default\">\n\t\t\t\t\t<div class=\"elementor-column elementor-col-100 elementor-top-column elementor-element elementor-element-9de1bfd\" data-id=\"9de1bfd\" data-element_type=\"column\">\n\t\t\t<div class=\"elementor-widget-wrap elementor-element-populated\">\n\t\t\t\t\t\t<div class=\"elementor-element elementor-element-e8280fa elementor-widget elementor-widget-text-editor\" data-id=\"e8280fa\" data-element_type=\"widget\" data-widget_type=\"text-editor.default\">\n\t\t\t\t<div class=\"elementor-widget-container\">\n\t\t\t\t\t\t\t\t\t<p>Docteure en philosophie (qualification CNU Maitre de conf\u00e9rences en Philosophie) \u00a0Claire Larroque est l&#8217;auteure d\u2019une th\u00e8se de doctorat r\u00e9alis\u00e9e en cotutelle entre l\u2019Universit\u00e9 Paris 1 et l\u2019Universit\u00e9 Laval \u00e0 Qu\u00e9bec. Elle est sp\u00e9cialis\u00e9e en<a href=\"https:\/\/univ-paris1.academia.edu\/ClaireLarroque\" target=\"_blank\" rel=\"noopener\">\u00a0philosophie \u00e9thique &amp; politique, et en philosophie environnementale<\/a>. Ses recherches portent notamment sur la notion de nature, l&#8217;\u00e9thique environnementale, la crise climatique, la relation humains-milieux mais aussi sur la d\u00e9mocratie, la justice sociale, la justice environnementale, l&#8217;\u00e9cof\u00e9minisme ou encore la pratique de la philosophie (philosophie avec les enfants, communaut\u00e9 de recherche philosophique).<\/p><p>Passionn\u00e9e de philosophie, soucieuse de transmettre \u00e0 tou.te.s cette pratique, Claire Larroque anime r\u00e9guli\u00e8rement des ateliers de philosophie et dispense des formations \u00e0 de futurs animateurs.\u00a0<\/p>\t\t\t\t\t\t\t\t<\/div>\n\t\t\t\t<\/div>\n\t\t\t\t\t<\/div>\n\t\t<\/div>\n\t\t\t\t\t<\/div>\n\t\t<\/section>\n\t\t\t\t<\/div>\n\t\t","protected":false},"excerpt":{"rendered":"<p>Le Temps de la Philosophie Oser la philosophie, la d\u00e9sacraliser, s\u2019en emparer, travailler les concepts, se familiariser avec les processus de questionnements et faire en sorte qu\u2019elle soit une source d\u2019inspiration dans nos vies, qu\u2019elle nous permette d\u2019\u00e9clairer nos choix, d\u2019\u00eatre plus lucides, de mieux appr\u00e9hender les \u00e9preuves que l\u2019on traverse comme de saisir et [&hellip;]<\/p>\n","protected":false},"author":1,"featured_media":0,"parent":0,"menu_order":0,"comment_status":"closed","ping_status":"closed","template":"","meta":{"footnotes":""},"class_list":["post-138","page","type-page","status-publish","hentry"],"yoast_head":"<!-- This site is optimized with the Yoast SEO plugin v25.7 - https:\/\/yoast.com\/wordpress\/plugins\/seo\/ -->\n<title>Le Projet - LE TEMPS DE LA PHILOSOPHIE<\/title>\n<meta name=\"robots\" content=\"index, follow, max-snippet:-1, max-image-preview:large, max-video-preview:-1\" \/>\n<link rel=\"canonical\" href=\"https:\/\/letempsdelaphilosophie.com\/index.php\/le-projet\/\" \/>\n<meta property=\"og:locale\" content=\"en_US\" \/>\n<meta property=\"og:type\" content=\"article\" \/>\n<meta property=\"og:title\" content=\"Le Projet - LE TEMPS DE LA PHILOSOPHIE\" \/>\n<meta property=\"og:description\" content=\"Le Temps de la Philosophie Oser la philosophie, la d\u00e9sacraliser, s\u2019en emparer, travailler les concepts, se familiariser avec les processus de questionnements et faire en sorte qu\u2019elle soit une source d\u2019inspiration dans nos vies, qu\u2019elle nous permette d\u2019\u00e9clairer nos choix, d\u2019\u00eatre plus lucides, de mieux appr\u00e9hender les \u00e9preuves que l\u2019on traverse comme de saisir et [&hellip;]\" \/>\n<meta property=\"og:url\" content=\"https:\/\/letempsdelaphilosophie.com\/index.php\/le-projet\/\" \/>\n<meta property=\"og:site_name\" content=\"LE TEMPS DE LA PHILOSOPHIE\" \/>\n<meta property=\"article:publisher\" content=\"https:\/\/www.facebook.com\/letempsdelaphilosophie\/\" \/>\n<meta property=\"article:modified_time\" content=\"2026-01-20T17:57:21+00:00\" \/>\n<meta property=\"og:image\" content=\"https:\/\/static.xx.fbcdn.net\/images\/emoji.php\/v9\/t2b\/1\/16\/1f553.png\" \/>\n<meta name=\"twitter:card\" content=\"summary_large_image\" \/>\n<meta name=\"twitter:label1\" content=\"Est. reading time\" \/>\n\t<meta name=\"twitter:data1\" content=\"3 minutes\" \/>\n<script type=\"application\/ld+json\" class=\"yoast-schema-graph\">{\"@context\":\"https:\/\/schema.org\",\"@graph\":[{\"@type\":\"WebPage\",\"@id\":\"https:\/\/letempsdelaphilosophie.com\/index.php\/le-projet\/\",\"url\":\"https:\/\/letempsdelaphilosophie.com\/index.php\/le-projet\/\",\"name\":\"Le Projet - LE TEMPS DE LA PHILOSOPHIE\",\"isPartOf\":{\"@id\":\"https:\/\/letempsdelaphilosophie.com\/#website\"},\"primaryImageOfPage\":{\"@id\":\"https:\/\/letempsdelaphilosophie.com\/index.php\/le-projet\/#primaryimage\"},\"image\":{\"@id\":\"https:\/\/letempsdelaphilosophie.com\/index.php\/le-projet\/#primaryimage\"},\"thumbnailUrl\":\"https:\/\/static.xx.fbcdn.net\/images\/emoji.php\/v9\/t2b\/1\/16\/1f553.png\",\"datePublished\":\"2023-04-07T14:58:07+00:00\",\"dateModified\":\"2026-01-20T17:57:21+00:00\",\"breadcrumb\":{\"@id\":\"https:\/\/letempsdelaphilosophie.com\/index.php\/le-projet\/#breadcrumb\"},\"inLanguage\":\"en-US\",\"potentialAction\":[{\"@type\":\"ReadAction\",\"target\":[\"https:\/\/letempsdelaphilosophie.com\/index.php\/le-projet\/\"]}]},{\"@type\":\"ImageObject\",\"inLanguage\":\"en-US\",\"@id\":\"https:\/\/letempsdelaphilosophie.com\/index.php\/le-projet\/#primaryimage\",\"url\":\"https:\/\/static.xx.fbcdn.net\/images\/emoji.php\/v9\/t2b\/1\/16\/1f553.png\",\"contentUrl\":\"https:\/\/static.xx.fbcdn.net\/images\/emoji.php\/v9\/t2b\/1\/16\/1f553.png\"},{\"@type\":\"BreadcrumbList\",\"@id\":\"https:\/\/letempsdelaphilosophie.com\/index.php\/le-projet\/#breadcrumb\",\"itemListElement\":[{\"@type\":\"ListItem\",\"position\":1,\"name\":\"Accueil\",\"item\":\"https:\/\/letempsdelaphilosophie.com\/\"},{\"@type\":\"ListItem\",\"position\":2,\"name\":\"Le Projet\"}]},{\"@type\":\"WebSite\",\"@id\":\"https:\/\/letempsdelaphilosophie.com\/#website\",\"url\":\"https:\/\/letempsdelaphilosophie.com\/\",\"name\":\"LE TEMPS DE LA PHILOSOPHIE\",\"description\":\"PRENDRE LE TEMPS DE PENSER\",\"publisher\":{\"@id\":\"https:\/\/letempsdelaphilosophie.com\/#organization\"},\"potentialAction\":[{\"@type\":\"SearchAction\",\"target\":{\"@type\":\"EntryPoint\",\"urlTemplate\":\"https:\/\/letempsdelaphilosophie.com\/?s={search_term_string}\"},\"query-input\":{\"@type\":\"PropertyValueSpecification\",\"valueRequired\":true,\"valueName\":\"search_term_string\"}}],\"inLanguage\":\"en-US\"},{\"@type\":\"Organization\",\"@id\":\"https:\/\/letempsdelaphilosophie.com\/#organization\",\"name\":\"LE TEMPS DE LA PHILOSOPHIE\",\"url\":\"https:\/\/letempsdelaphilosophie.com\/\",\"logo\":{\"@type\":\"ImageObject\",\"inLanguage\":\"en-US\",\"@id\":\"https:\/\/letempsdelaphilosophie.com\/#\/schema\/logo\/image\/\",\"url\":\"https:\/\/letempsdelaphilosophie.com\/wp-content\/uploads\/2023\/04\/le-temps-de-la-philo-.png\",\"contentUrl\":\"https:\/\/letempsdelaphilosophie.com\/wp-content\/uploads\/2023\/04\/le-temps-de-la-philo-.png\",\"width\":500,\"height\":500,\"caption\":\"LE TEMPS DE LA PHILOSOPHIE\"},\"image\":{\"@id\":\"https:\/\/letempsdelaphilosophie.com\/#\/schema\/logo\/image\/\"},\"sameAs\":[\"https:\/\/www.facebook.com\/letempsdelaphilosophie\/\"]}]}<\/script>\n<!-- \/ Yoast SEO plugin. -->","yoast_head_json":{"title":"Le Projet - LE TEMPS DE LA PHILOSOPHIE","robots":{"index":"index","follow":"follow","max-snippet":"max-snippet:-1","max-image-preview":"max-image-preview:large","max-video-preview":"max-video-preview:-1"},"canonical":"https:\/\/letempsdelaphilosophie.com\/index.php\/le-projet\/","og_locale":"en_US","og_type":"article","og_title":"Le Projet - LE TEMPS DE LA PHILOSOPHIE","og_description":"Le Temps de la Philosophie Oser la philosophie, la d\u00e9sacraliser, s\u2019en emparer, travailler les concepts, se familiariser avec les processus de questionnements et faire en sorte qu\u2019elle soit une source d\u2019inspiration dans nos vies, qu\u2019elle nous permette d\u2019\u00e9clairer nos choix, d\u2019\u00eatre plus lucides, de mieux appr\u00e9hender les \u00e9preuves que l\u2019on traverse comme de saisir et [&hellip;]","og_url":"https:\/\/letempsdelaphilosophie.com\/index.php\/le-projet\/","og_site_name":"LE TEMPS DE LA PHILOSOPHIE","article_publisher":"https:\/\/www.facebook.com\/letempsdelaphilosophie\/","article_modified_time":"2026-01-20T17:57:21+00:00","og_image":[{"url":"https:\/\/static.xx.fbcdn.net\/images\/emoji.php\/v9\/t2b\/1\/16\/1f553.png","type":"","width":"","height":""}],"twitter_card":"summary_large_image","twitter_misc":{"Est. reading time":"3 minutes"},"schema":{"@context":"https:\/\/schema.org","@graph":[{"@type":"WebPage","@id":"https:\/\/letempsdelaphilosophie.com\/index.php\/le-projet\/","url":"https:\/\/letempsdelaphilosophie.com\/index.php\/le-projet\/","name":"Le Projet - LE TEMPS DE LA PHILOSOPHIE","isPartOf":{"@id":"https:\/\/letempsdelaphilosophie.com\/#website"},"primaryImageOfPage":{"@id":"https:\/\/letempsdelaphilosophie.com\/index.php\/le-projet\/#primaryimage"},"image":{"@id":"https:\/\/letempsdelaphilosophie.com\/index.php\/le-projet\/#primaryimage"},"thumbnailUrl":"https:\/\/static.xx.fbcdn.net\/images\/emoji.php\/v9\/t2b\/1\/16\/1f553.png","datePublished":"2023-04-07T14:58:07+00:00","dateModified":"2026-01-20T17:57:21+00:00","breadcrumb":{"@id":"https:\/\/letempsdelaphilosophie.com\/index.php\/le-projet\/#breadcrumb"},"inLanguage":"en-US","potentialAction":[{"@type":"ReadAction","target":["https:\/\/letempsdelaphilosophie.com\/index.php\/le-projet\/"]}]},{"@type":"ImageObject","inLanguage":"en-US","@id":"https:\/\/letempsdelaphilosophie.com\/index.php\/le-projet\/#primaryimage","url":"https:\/\/static.xx.fbcdn.net\/images\/emoji.php\/v9\/t2b\/1\/16\/1f553.png","contentUrl":"https:\/\/static.xx.fbcdn.net\/images\/emoji.php\/v9\/t2b\/1\/16\/1f553.png"},{"@type":"BreadcrumbList","@id":"https:\/\/letempsdelaphilosophie.com\/index.php\/le-projet\/#breadcrumb","itemListElement":[{"@type":"ListItem","position":1,"name":"Accueil","item":"https:\/\/letempsdelaphilosophie.com\/"},{"@type":"ListItem","position":2,"name":"Le Projet"}]},{"@type":"WebSite","@id":"https:\/\/letempsdelaphilosophie.com\/#website","url":"https:\/\/letempsdelaphilosophie.com\/","name":"LE TEMPS DE LA PHILOSOPHIE","description":"PRENDRE LE TEMPS DE PENSER","publisher":{"@id":"https:\/\/letempsdelaphilosophie.com\/#organization"},"potentialAction":[{"@type":"SearchAction","target":{"@type":"EntryPoint","urlTemplate":"https:\/\/letempsdelaphilosophie.com\/?s={search_term_string}"},"query-input":{"@type":"PropertyValueSpecification","valueRequired":true,"valueName":"search_term_string"}}],"inLanguage":"en-US"},{"@type":"Organization","@id":"https:\/\/letempsdelaphilosophie.com\/#organization","name":"LE TEMPS DE LA PHILOSOPHIE","url":"https:\/\/letempsdelaphilosophie.com\/","logo":{"@type":"ImageObject","inLanguage":"en-US","@id":"https:\/\/letempsdelaphilosophie.com\/#\/schema\/logo\/image\/","url":"https:\/\/letempsdelaphilosophie.com\/wp-content\/uploads\/2023\/04\/le-temps-de-la-philo-.png","contentUrl":"https:\/\/letempsdelaphilosophie.com\/wp-content\/uploads\/2023\/04\/le-temps-de-la-philo-.png","width":500,"height":500,"caption":"LE TEMPS DE LA PHILOSOPHIE"},"image":{"@id":"https:\/\/letempsdelaphilosophie.com\/#\/schema\/logo\/image\/"},"sameAs":["https:\/\/www.facebook.com\/letempsdelaphilosophie\/"]}]}},"_links":{"self":[{"href":"https:\/\/letempsdelaphilosophie.com\/index.php\/wp-json\/wp\/v2\/pages\/138","targetHints":{"allow":["GET"]}}],"collection":[{"href":"https:\/\/letempsdelaphilosophie.com\/index.php\/wp-json\/wp\/v2\/pages"}],"about":[{"href":"https:\/\/letempsdelaphilosophie.com\/index.php\/wp-json\/wp\/v2\/types\/page"}],"author":[{"embeddable":true,"href":"https:\/\/letempsdelaphilosophie.com\/index.php\/wp-json\/wp\/v2\/users\/1"}],"replies":[{"embeddable":true,"href":"https:\/\/letempsdelaphilosophie.com\/index.php\/wp-json\/wp\/v2\/comments?post=138"}],"version-history":[{"count":55,"href":"https:\/\/letempsdelaphilosophie.com\/index.php\/wp-json\/wp\/v2\/pages\/138\/revisions"}],"predecessor-version":[{"id":1109,"href":"https:\/\/letempsdelaphilosophie.com\/index.php\/wp-json\/wp\/v2\/pages\/138\/revisions\/1109"}],"wp:attachment":[{"href":"https:\/\/letempsdelaphilosophie.com\/index.php\/wp-json\/wp\/v2\/media?parent=138"}],"curies":[{"name":"wp","href":"https:\/\/api.w.org\/{rel}","templated":true}]}}